{"id":5264,"date":"2026-04-07T11:48:44","date_gmt":"2026-04-07T17:48:44","guid":{"rendered":"https:\/\/maristasguaynabo.org\/home\/?page_id=5264"},"modified":"2026-04-07T12:52:44","modified_gmt":"2026-04-07T18:52:44","slug":"after-school-program-by-coach4kids","status":"publish","type":"page","link":"https:\/\/maristasguaynabo.org\/home\/oferta-academica\/after-school-program-by-coach4kids\/","title":{"rendered":"After School Program by Coach4Kids"},"content":{"rendered":"\t\t<div data-elementor-type=\"wp-page\" data-elementor-id=\"5264\" class=\"elementor elementor-5264\" data-elementor-post-type=\"page\">\n\t\t\t\t\t\t<section class=\"elementor-section elementor-top-section elementor-element elementor-element-150600d4 elementor-section-boxed elementor-section-height-default elementor-section-height-default\" data-id=\"150600d4\" data-element_type=\"section\" data-e-type=\"section\">\n\t\t\t\t\t\t<div class=\"elementor-container elementor-column-gap-default\">\n\t\t\t\t\t<div class=\"elementor-column elementor-col-100 elementor-top-column elementor-element elementor-element-451eabad\" data-id=\"451eabad\" data-element_type=\"column\" data-e-type=\"column\">\n\t\t\t<div class=\"elementor-widget-wrap elementor-element-populated\">\n\t\t\t\t\t\t<div class=\"elementor-element elementor-element-3869e4dc elementor-widget elementor-widget-text-editor\" data-id=\"3869e4dc\" data-element_type=\"widget\" data-e-type=\"widget\" data-widget_type=\"text-editor.default\">\n\t\t\t\t<div class=\"elementor-widget-container\">\n\t\t\t\t\t\t\t\t\t<p><img decoding=\"async\" src=\"https:\/\/maristasguaynabo.org\/home\/wp-content\/uploads\/2021\/08\/section.png\" alt=\"\" width=\"13\" height=\"40\"><\/p>\n<h2>After School Program by Coach4Kids<\/h2>\n<p><img fetchpriority=\"high\" decoding=\"async\" class=\"alignnone wp-image-5268 size-full\" src=\"https:\/\/maristasguaynabo.org\/home\/wp-content\/uploads\/2026\/04\/Copy-of-Blue-and-Orange-Playful-After-School-Program-Instagram-Post-scaled.png\" alt=\"\" width=\"2560\" height=\"1536\" srcset=\"https:\/\/maristasguaynabo.org\/home\/wp-content\/uploads\/2026\/04\/Copy-of-Blue-and-Orange-Playful-After-School-Program-Instagram-Post-scaled.png 2560w, https:\/\/maristasguaynabo.org\/home\/wp-content\/uploads\/2026\/04\/Copy-of-Blue-and-Orange-Playful-After-School-Program-Instagram-Post-300x180.png 300w, https:\/\/maristasguaynabo.org\/home\/wp-content\/uploads\/2026\/04\/Copy-of-Blue-and-Orange-Playful-After-School-Program-Instagram-Post-1024x614.png 1024w, https:\/\/maristasguaynabo.org\/home\/wp-content\/uploads\/2026\/04\/Copy-of-Blue-and-Orange-Playful-After-School-Program-Instagram-Post-768x461.png 768w, https:\/\/maristasguaynabo.org\/home\/wp-content\/uploads\/2026\/04\/Copy-of-Blue-and-Orange-Playful-After-School-Program-Instagram-Post-1536x922.png 1536w, https:\/\/maristasguaynabo.org\/home\/wp-content\/uploads\/2026\/04\/Copy-of-Blue-and-Orange-Playful-After-School-Program-Instagram-Post-2048x1229.png 2048w\" sizes=\"(max-width: 2560px) 100vw, 2560px\" \/><\/p>\n<div id=\"comp-mds3uvl3\" class=\"ku3DBC zQ9jDz qvSjx3 Vq6kJx comp-mds3uvl3 wixui-rich-text\" data-testid=\"richTextElement\">\n<h3 class=\"font_2 wixui-rich-text__text\"><span class=\"wixui-rich-text__text\"><i style=\"\"><b>Nos complace anunciar que en Agosto 2026 Coach for Kids estar\u00e1 a cargo del programa de cuido y horario extendido bajo el nombre:&nbsp; <\/b>Maristas&#8217; After School Program by Coach for Kids.<\/i><\/span><\/h3>\n<\/div>\n<div id=\"comp-m8str5yr1\" class=\"MMl86N zQ9jDz qvSjx3 Vq6kJx comp-m8str5yr1 wixui-rich-text\" data-testid=\"richTextElement\">\n<h2 class=\"font_2 wixui-rich-text__text\"><span class=\"wixui-rich-text__text\">Nuestro Compromiso<\/span><\/h2>\n<\/div>\n<div id=\"comp-mds3wbzl\" class=\"ku3DBC zQ9jDz qvSjx3 Vq6kJx comp-mds3wbzl wixui-rich-text\" data-testid=\"richTextElement\">\n<h3 class=\"font_3 wixui-rich-text__text\"><span class=\"wixui-rich-text__text\"><span class=\"color_37 wixui-rich-text__text\">\u00a1Diversi\u00f3n, Seguridad y Aprendizaje Despu\u00e9s de Clases!&nbsp;<\/span><\/span><\/h3>\n<p class=\"font_8 wixui-rich-text__text\"><span class=\"wixui-rich-text__text\">\u00a1Bienvenidos al Maristas&#8217;After School Program by Coach for Kids. Nuestro programa ofrece una combinaci\u00f3n ideal de estudio supervisado, cuido extendido y espacios recreativos, proporcionando un ambiente seguro y din\u00e1mico para los estudiantes despu\u00e9s del horario escolar. Desde Pre Pre k hasta 6to Grado.<\/span><\/p>\n<p class=\"font_8 wixui-rich-text__text\"><span class=\"wixui-rich-text__text\">\u00bfQu\u00e9 ofrecemos?<\/span><\/p>\n<p class=\"font_8 wixui-rich-text__text\"><br class=\"wixui-rich-text__text\"><span class=\"wixui-rich-text__text\"><img decoding=\"async\" class=\"emoji\" role=\"img\" draggable=\"false\" src=\"https:\/\/s.w.org\/images\/core\/emoji\/17.0.2\/svg\/2714.svg\" alt=\"\u2714\"> Estudios Supervisados: Tiempo dedicado para completar asignaciones con la gu\u00eda de profesionales.<br class=\"wixui-rich-text__text\"><img decoding=\"async\" class=\"emoji\" role=\"img\" draggable=\"false\" src=\"https:\/\/s.w.org\/images\/core\/emoji\/17.0.2\/svg\/2714.svg\" alt=\"\u2714\"> Cuido Extendido: Un espacio seguro y estructurado hasta la hora de recogido.<br class=\"wixui-rich-text__text\"><img decoding=\"async\" class=\"emoji\" role=\"img\" draggable=\"false\" src=\"https:\/\/s.w.org\/images\/core\/emoji\/17.0.2\/svg\/2714.svg\" alt=\"\u2714\"> Recreaci\u00f3n: \u00c1reas habilitadas para la pr\u00e1ctica libre de baloncesto, f\u00fatbol, voleibol, pickleball y m\u00e1s.<br class=\"wixui-rich-text__text\"><img decoding=\"async\" class=\"emoji\" role=\"img\" draggable=\"false\" src=\"https:\/\/s.w.org\/images\/core\/emoji\/17.0.2\/svg\/2714.svg\" alt=\"\u2714\"> Juego Libre: Espacios dise\u00f1ados para la exploraci\u00f3n, creatividad y diversi\u00f3n en un entorno seguro.<\/span><\/p>\n<p class=\"font_8 wixui-rich-text__text\"><span class=\"wixui-rich-text__text\"><img decoding=\"async\" class=\"emoji\" role=\"img\" draggable=\"false\" src=\"https:\/\/s.w.org\/images\/core\/emoji\/17.0.2\/svg\/2714.svg\" alt=\"\u2714\"> Horarios<\/span><span class=\"wixui-rich-text__text\"><span class=\"color_37 wixui-rich-text__text\">&nbsp;<\/span><span class=\"color_40 wixui-rich-text__text\">flexibles: Adaptados a las necesidades de cada familia para facilitar la rutina diaria.<\/span><\/span><\/p>\n<p class=\"font_8 wixui-rich-text__text\"><span class=\"wixui-rich-text__text\">Nuestro objetivo es ofrecer un balance entre el aprendizaje y la actividad f\u00edsica, fomentando el desarrollo integral de cada ni\u00f1o en un ambiente positivo y estimulante.<\/span><\/p>\n<p class=\"font_8 wixui-rich-text__text\"><span class=\"wixui-rich-text__text\"><img decoding=\"async\" class=\"emoji\" role=\"img\" draggable=\"false\" src=\"https:\/\/s.w.org\/images\/core\/emoji\/17.0.2\/svg\/1f4c5.svg\" alt=\"\ud83d\udcc5\"> Horarios y disponibilidad: 2:30 pm &#8211; 5:30 pm<\/span><\/p>\n<p class=\"font_8 wixui-rich-text__text\"><span class=\"wixui-rich-text__text\">&nbsp; &nbsp; &nbsp; &nbsp; &nbsp; &nbsp; &nbsp; &nbsp; &nbsp; &nbsp; &nbsp; &nbsp; &nbsp; &nbsp; &nbsp; &nbsp; &nbsp; &nbsp;<\/span><\/p>\n<p class=\"font_8 wixui-rich-text__text\"><span class=\"wixui-rich-text__text\">Registro para Agosto 2026 se realizar\u00e1 en este mismo lugar a partir del 1 de mayo.<\/span><\/p>\n<\/div>\t\t\t\t\t\t\t\t<\/div>\n\t\t\t\t<\/div>\n\t\t\t\t\t<\/div>\n\t\t<\/div>\n\t\t\t\t\t<\/div>\n\t\t<\/section>\n\t\t\t\t<\/div>\n\t\t","protected":false},"excerpt":{"rendered":"<p>After School Program by Coach4Kids Nos complace anunciar que en Agosto 2026 Coach for Kids estar\u00e1 a cargo del programa de cuido y horario extendido bajo el nombre:&nbsp; Maristas&#8217; After School Program by Coach for Kids. Nuestro Compromiso \u00a1Diversi\u00f3n, Seguridad y Aprendizaje Despu\u00e9s de Clases!&nbsp; \u00a1Bienvenidos al Maristas&#8217;After School Program by Coach for Kids. Nuestro [&hellip;]<\/p>\n","protected":false},"author":5,"featured_media":3582,"parent":1818,"menu_order":2,"comment_status":"closed","ping_status":"closed","template":"","meta":{"_monsterinsights_skip_tracking":false,"_monsterinsights_sitenote_active":false,"_monsterinsights_sitenote_note":"","_monsterinsights_sitenote_category":0,"footnotes":""},"class_list":["post-5264","page","type-page","status-publish","has-post-thumbnail","hentry"],"yoast_head":"<!-- This site is optimized with the Yoast SEO plugin v27.2 - https:\/\/yoast.com\/product\/yoast-seo-wordpress\/ -->\n<title>After School Program by Coach4Kids - Colegio Marista Guaynabo<\/title>\n<meta name=\"robots\" content=\"index, follow, max-snippet:-1, max-image-preview:large, max-video-preview:-1\" \/>\n<link rel=\"canonical\" href=\"https:\/\/maristasguaynabo.org\/home\/oferta-academica\/after-school-program-by-coach4kids\/\" \/>\n<meta property=\"og:locale\" content=\"es_ES\" \/>\n<meta property=\"og:type\" content=\"article\" \/>\n<meta property=\"og:title\" content=\"After School Program by Coach4Kids - Colegio Marista Guaynabo\" \/>\n<meta property=\"og:description\" content=\"After School Program by Coach4Kids Nos complace anunciar que en Agosto 2026 Coach for Kids estar\u00e1 a cargo del programa de cuido y horario extendido bajo el nombre:&nbsp; Maristas&#8217; After School Program by Coach for Kids. Nuestro Compromiso \u00a1Diversi\u00f3n, Seguridad y Aprendizaje Despu\u00e9s de Clases!&nbsp; \u00a1Bienvenidos al Maristas&#8217;After School Program by Coach for Kids. Nuestro [&hellip;]\" \/>\n<meta property=\"og:url\" content=\"https:\/\/maristasguaynabo.org\/home\/oferta-academica\/after-school-program-by-coach4kids\/\" \/>\n<meta property=\"og:site_name\" content=\"Colegio Marista Guaynabo\" \/>\n<meta property=\"article:modified_time\" content=\"2026-04-07T18:52:44+00:00\" \/>\n<meta property=\"og:image\" content=\"https:\/\/maristasguaynabo.org\/home\/wp-content\/uploads\/2022\/09\/Para-educar-a-los-ninos-hay-que-amarlos-y-amarlos-a-todos-por-igual.-15.png\" \/>\n\t<meta property=\"og:image:width\" content=\"1979\" \/>\n\t<meta property=\"og:image:height\" content=\"789\" \/>\n\t<meta property=\"og:image:type\" content=\"image\/png\" \/>\n<meta name=\"twitter:card\" content=\"summary_large_image\" \/>\n<meta name=\"twitter:label1\" content=\"Tiempo de lectura\" \/>\n\t<meta name=\"twitter:data1\" content=\"3 minutos\" \/>\n<script type=\"application\/ld+json\" class=\"yoast-schema-graph\">{\"@context\":\"https:\/\/schema.org\",\"@graph\":[{\"@type\":\"WebPage\",\"@id\":\"https:\/\/maristasguaynabo.org\/home\/oferta-academica\/after-school-program-by-coach4kids\/\",\"url\":\"https:\/\/maristasguaynabo.org\/home\/oferta-academica\/after-school-program-by-coach4kids\/\",\"name\":\"After School Program by Coach4Kids - Colegio Marista Guaynabo\",\"isPartOf\":{\"@id\":\"https:\/\/maristasguaynabo.org\/home\/#website\"},\"primaryImageOfPage\":{\"@id\":\"https:\/\/maristasguaynabo.org\/home\/oferta-academica\/after-school-program-by-coach4kids\/#primaryimage\"},\"image\":{\"@id\":\"https:\/\/maristasguaynabo.org\/home\/oferta-academica\/after-school-program-by-coach4kids\/#primaryimage\"},\"thumbnailUrl\":\"https:\/\/maristasguaynabo.org\/home\/wp-content\/uploads\/2022\/09\/Para-educar-a-los-ninos-hay-que-amarlos-y-amarlos-a-todos-por-igual.-15.png\",\"datePublished\":\"2026-04-07T17:48:44+00:00\",\"dateModified\":\"2026-04-07T18:52:44+00:00\",\"breadcrumb\":{\"@id\":\"https:\/\/maristasguaynabo.org\/home\/oferta-academica\/after-school-program-by-coach4kids\/#breadcrumb\"},\"inLanguage\":\"es\",\"potentialAction\":[{\"@type\":\"ReadAction\",\"target\":[\"https:\/\/maristasguaynabo.org\/home\/oferta-academica\/after-school-program-by-coach4kids\/\"]}]},{\"@type\":\"ImageObject\",\"inLanguage\":\"es\",\"@id\":\"https:\/\/maristasguaynabo.org\/home\/oferta-academica\/after-school-program-by-coach4kids\/#primaryimage\",\"url\":\"https:\/\/maristasguaynabo.org\/home\/wp-content\/uploads\/2022\/09\/Para-educar-a-los-ninos-hay-que-amarlos-y-amarlos-a-todos-por-igual.-15.png\",\"contentUrl\":\"https:\/\/maristasguaynabo.org\/home\/wp-content\/uploads\/2022\/09\/Para-educar-a-los-ninos-hay-que-amarlos-y-amarlos-a-todos-por-igual.-15.png\",\"width\":1979,\"height\":789},{\"@type\":\"BreadcrumbList\",\"@id\":\"https:\/\/maristasguaynabo.org\/home\/oferta-academica\/after-school-program-by-coach4kids\/#breadcrumb\",\"itemListElement\":[{\"@type\":\"ListItem\",\"position\":1,\"name\":\"Portada\",\"item\":\"https:\/\/maristasguaynabo.org\/home\/\"},{\"@type\":\"ListItem\",\"position\":2,\"name\":\"Oferta Acad\u00e9mica\",\"item\":\"https:\/\/maristasguaynabo.org\/home\/oferta-academica\/\"},{\"@type\":\"ListItem\",\"position\":3,\"name\":\"After School Program by Coach4Kids\"}]},{\"@type\":\"WebSite\",\"@id\":\"https:\/\/maristasguaynabo.org\/home\/#website\",\"url\":\"https:\/\/maristasguaynabo.org\/home\/\",\"name\":\"Colegio Marista Guaynabo\",\"description\":\"\",\"publisher\":{\"@id\":\"https:\/\/maristasguaynabo.org\/home\/#organization\"},\"potentialAction\":[{\"@type\":\"SearchAction\",\"target\":{\"@type\":\"EntryPoint\",\"urlTemplate\":\"https:\/\/maristasguaynabo.org\/home\/?s={search_term_string}\"},\"query-input\":{\"@type\":\"PropertyValueSpecification\",\"valueRequired\":true,\"valueName\":\"search_term_string\"}}],\"inLanguage\":\"es\"},{\"@type\":\"Organization\",\"@id\":\"https:\/\/maristasguaynabo.org\/home\/#organization\",\"name\":\"Colegio Marista Guaynabo\",\"url\":\"https:\/\/maristasguaynabo.org\/home\/\",\"logo\":{\"@type\":\"ImageObject\",\"inLanguage\":\"es\",\"@id\":\"https:\/\/maristasguaynabo.org\/home\/#\/schema\/logo\/image\/\",\"url\":\"https:\/\/maristasguaynabo.org\/home\/wp-content\/uploads\/2022\/08\/10_GUAYNABO_final.png\",\"contentUrl\":\"https:\/\/maristasguaynabo.org\/home\/wp-content\/uploads\/2022\/08\/10_GUAYNABO_final.png\",\"width\":924,\"height\":177,\"caption\":\"Colegio Marista Guaynabo\"},\"image\":{\"@id\":\"https:\/\/maristasguaynabo.org\/home\/#\/schema\/logo\/image\/\"}}]}<\/script>\n<!-- \/ Yoast SEO plugin. -->","yoast_head_json":{"title":"After School Program by Coach4Kids - Colegio Marista Guaynabo","robots":{"index":"index","follow":"follow","max-snippet":"max-snippet:-1","max-image-preview":"max-image-preview:large","max-video-preview":"max-video-preview:-1"},"canonical":"https:\/\/maristasguaynabo.org\/home\/oferta-academica\/after-school-program-by-coach4kids\/","og_locale":"es_ES","og_type":"article","og_title":"After School Program by Coach4Kids - Colegio Marista Guaynabo","og_description":"After School Program by Coach4Kids Nos complace anunciar que en Agosto 2026 Coach for Kids estar\u00e1 a cargo del programa de cuido y horario extendido bajo el nombre:&nbsp; Maristas&#8217; After School Program by Coach for Kids. Nuestro Compromiso \u00a1Diversi\u00f3n, Seguridad y Aprendizaje Despu\u00e9s de Clases!&nbsp; \u00a1Bienvenidos al Maristas&#8217;After School Program by Coach for Kids. Nuestro [&hellip;]","og_url":"https:\/\/maristasguaynabo.org\/home\/oferta-academica\/after-school-program-by-coach4kids\/","og_site_name":"Colegio Marista Guaynabo","article_modified_time":"2026-04-07T18:52:44+00:00","og_image":[{"width":1979,"height":789,"url":"https:\/\/maristasguaynabo.org\/home\/wp-content\/uploads\/2022\/09\/Para-educar-a-los-ninos-hay-que-amarlos-y-amarlos-a-todos-por-igual.-15.png","type":"image\/png"}],"twitter_card":"summary_large_image","twitter_misc":{"Tiempo de lectura":"3 minutos"},"schema":{"@context":"https:\/\/schema.org","@graph":[{"@type":"WebPage","@id":"https:\/\/maristasguaynabo.org\/home\/oferta-academica\/after-school-program-by-coach4kids\/","url":"https:\/\/maristasguaynabo.org\/home\/oferta-academica\/after-school-program-by-coach4kids\/","name":"After School Program by Coach4Kids - Colegio Marista Guaynabo","isPartOf":{"@id":"https:\/\/maristasguaynabo.org\/home\/#website"},"primaryImageOfPage":{"@id":"https:\/\/maristasguaynabo.org\/home\/oferta-academica\/after-school-program-by-coach4kids\/#primaryimage"},"image":{"@id":"https:\/\/maristasguaynabo.org\/home\/oferta-academica\/after-school-program-by-coach4kids\/#primaryimage"},"thumbnailUrl":"https:\/\/maristasguaynabo.org\/home\/wp-content\/uploads\/2022\/09\/Para-educar-a-los-ninos-hay-que-amarlos-y-amarlos-a-todos-por-igual.-15.png","datePublished":"2026-04-07T17:48:44+00:00","dateModified":"2026-04-07T18:52:44+00:00","breadcrumb":{"@id":"https:\/\/maristasguaynabo.org\/home\/oferta-academica\/after-school-program-by-coach4kids\/#breadcrumb"},"inLanguage":"es","potentialAction":[{"@type":"ReadAction","target":["https:\/\/maristasguaynabo.org\/home\/oferta-academica\/after-school-program-by-coach4kids\/"]}]},{"@type":"ImageObject","inLanguage":"es","@id":"https:\/\/maristasguaynabo.org\/home\/oferta-academica\/after-school-program-by-coach4kids\/#primaryimage","url":"https:\/\/maristasguaynabo.org\/home\/wp-content\/uploads\/2022\/09\/Para-educar-a-los-ninos-hay-que-amarlos-y-amarlos-a-todos-por-igual.-15.png","contentUrl":"https:\/\/maristasguaynabo.org\/home\/wp-content\/uploads\/2022\/09\/Para-educar-a-los-ninos-hay-que-amarlos-y-amarlos-a-todos-por-igual.-15.png","width":1979,"height":789},{"@type":"BreadcrumbList","@id":"https:\/\/maristasguaynabo.org\/home\/oferta-academica\/after-school-program-by-coach4kids\/#breadcrumb","itemListElement":[{"@type":"ListItem","position":1,"name":"Portada","item":"https:\/\/maristasguaynabo.org\/home\/"},{"@type":"ListItem","position":2,"name":"Oferta Acad\u00e9mica","item":"https:\/\/maristasguaynabo.org\/home\/oferta-academica\/"},{"@type":"ListItem","position":3,"name":"After School Program by Coach4Kids"}]},{"@type":"WebSite","@id":"https:\/\/maristasguaynabo.org\/home\/#website","url":"https:\/\/maristasguaynabo.org\/home\/","name":"Colegio Marista Guaynabo","description":"","publisher":{"@id":"https:\/\/maristasguaynabo.org\/home\/#organization"},"potentialAction":[{"@type":"SearchAction","target":{"@type":"EntryPoint","urlTemplate":"https:\/\/maristasguaynabo.org\/home\/?s={search_term_string}"},"query-input":{"@type":"PropertyValueSpecification","valueRequired":true,"valueName":"search_term_string"}}],"inLanguage":"es"},{"@type":"Organization","@id":"https:\/\/maristasguaynabo.org\/home\/#organization","name":"Colegio Marista Guaynabo","url":"https:\/\/maristasguaynabo.org\/home\/","logo":{"@type":"ImageObject","inLanguage":"es","@id":"https:\/\/maristasguaynabo.org\/home\/#\/schema\/logo\/image\/","url":"https:\/\/maristasguaynabo.org\/home\/wp-content\/uploads\/2022\/08\/10_GUAYNABO_final.png","contentUrl":"https:\/\/maristasguaynabo.org\/home\/wp-content\/uploads\/2022\/08\/10_GUAYNABO_final.png","width":924,"height":177,"caption":"Colegio Marista Guaynabo"},"image":{"@id":"https:\/\/maristasguaynabo.org\/home\/#\/schema\/logo\/image\/"}}]}},"_links":{"self":[{"href":"https:\/\/maristasguaynabo.org\/home\/wp-json\/wp\/v2\/pages\/5264","targetHints":{"allow":["GET"]}}],"collection":[{"href":"https:\/\/maristasguaynabo.org\/home\/wp-json\/wp\/v2\/pages"}],"about":[{"href":"https:\/\/maristasguaynabo.org\/home\/wp-json\/wp\/v2\/types\/page"}],"author":[{"embeddable":true,"href":"https:\/\/maristasguaynabo.org\/home\/wp-json\/wp\/v2\/users\/5"}],"replies":[{"embeddable":true,"href":"https:\/\/maristasguaynabo.org\/home\/wp-json\/wp\/v2\/comments?post=5264"}],"version-history":[{"count":7,"href":"https:\/\/maristasguaynabo.org\/home\/wp-json\/wp\/v2\/pages\/5264\/revisions"}],"predecessor-version":[{"id":5274,"href":"https:\/\/maristasguaynabo.org\/home\/wp-json\/wp\/v2\/pages\/5264\/revisions\/5274"}],"up":[{"embeddable":true,"href":"https:\/\/maristasguaynabo.org\/home\/wp-json\/wp\/v2\/pages\/1818"}],"wp:featuredmedia":[{"embeddable":true,"href":"https:\/\/maristasguaynabo.org\/home\/wp-json\/wp\/v2\/media\/3582"}],"wp:attachment":[{"href":"https:\/\/maristasguaynabo.org\/home\/wp-json\/wp\/v2\/media?parent=5264"}],"curies":[{"name":"wp","href":"https:\/\/api.w.org\/{rel}","templated":true}]}}