{"id":35,"date":"2021-08-16T16:51:49","date_gmt":"2021-08-16T16:51:49","guid":{"rendered":"https:\/\/maristascondega.org\/guaynabo\/?page_id=35"},"modified":"2022-09-08T09:44:30","modified_gmt":"2022-09-08T15:44:30","slug":"historia","status":"publish","type":"page","link":"https:\/\/maristasguaynabo.org\/home\/quienes-somos\/historia\/","title":{"rendered":"Historia"},"content":{"rendered":"\t\t<div data-elementor-type=\"wp-page\" data-elementor-id=\"35\" class=\"elementor elementor-35\" data-elementor-post-type=\"page\">\n\t\t\t\t\t\t<section class=\"elementor-section elementor-top-section elementor-element elementor-element-00ef4c4 elementor-section-full_width elementor-section-height-default elementor-section-height-default\" data-id=\"00ef4c4\" data-element_type=\"section\" data-e-type=\"section\" data-settings=\"{&quot;background_background&quot;:&quot;classic&quot;}\">\n\t\t\t\t\t\t<div class=\"elementor-container elementor-column-gap-default\">\n\t\t\t\t\t<div class=\"elementor-column elementor-col-100 elementor-top-column elementor-element elementor-element-be0445d\" data-id=\"be0445d\" data-element_type=\"column\" data-e-type=\"column\">\n\t\t\t<div class=\"elementor-widget-wrap elementor-element-populated\">\n\t\t\t\t\t\t<section class=\"elementor-section elementor-inner-section elementor-element elementor-element-4a0717a elementor-section-boxed elementor-section-height-default elementor-section-height-default elementor-invisible\" data-id=\"4a0717a\" data-element_type=\"section\" data-e-type=\"section\" data-settings=\"{&quot;motion_fx_motion_fx_scrolling&quot;:&quot;yes&quot;,&quot;animation&quot;:&quot;slideInRight&quot;,&quot;animation_delay&quot;:0,&quot;motion_fx_devices&quot;:[&quot;desktop&quot;,&quot;tablet&quot;,&quot;mobile&quot;]}\">\n\t\t\t\t\t\t<div class=\"elementor-container elementor-column-gap-default\">\n\t\t\t\t\t<div class=\"elementor-column elementor-col-100 elementor-inner-column elementor-element elementor-element-5e4a548\" data-id=\"5e4a548\" data-element_type=\"column\" data-e-type=\"column\">\n\t\t\t<div class=\"elementor-widget-wrap elementor-element-populated\">\n\t\t\t\t\t\t<div class=\"elementor-element elementor-element-de26f71 elementor-widget__width-initial elementor-widget-mobile__width-initial elementor-widget elementor-widget-image\" data-id=\"de26f71\" data-element_type=\"widget\" data-e-type=\"widget\" data-widget_type=\"image.default\">\n\t\t\t\t<div class=\"elementor-widget-container\">\n\t\t\t\t\t\t\t\t\t\t\t\t\t\t\t<img decoding=\"async\" width=\"13\" height=\"40\" src=\"https:\/\/maristasguaynabo.org\/home\/wp-content\/uploads\/2021\/08\/section.png\" class=\"attachment-full size-full wp-image-86\" alt=\"\" \/>\t\t\t\t\t\t\t\t\t\t\t\t\t\t\t<\/div>\n\t\t\t\t<\/div>\n\t\t\t\t<div class=\"elementor-element elementor-element-0ed7916 elementor-widget__width-auto elementor-widget elementor-widget-heading\" data-id=\"0ed7916\" data-element_type=\"widget\" data-e-type=\"widget\" data-widget_type=\"heading.default\">\n\t\t\t\t<div class=\"elementor-widget-container\">\n\t\t\t\t\t<h2 class=\"elementor-heading-title elementor-size-default\">HISTORIA<\/h2>\t\t\t\t<\/div>\n\t\t\t\t<\/div>\n\t\t\t\t\t<\/div>\n\t\t<\/div>\n\t\t\t\t\t<\/div>\n\t\t<\/section>\n\t\t\t\t\t<\/div>\n\t\t<\/div>\n\t\t\t\t\t<\/div>\n\t\t<\/section>\n\t\t\t\t<section class=\"elementor-section elementor-top-section elementor-element elementor-element-9ba6ae1 elementor-section-full_width elementor-section-height-default elementor-section-height-default\" data-id=\"9ba6ae1\" data-element_type=\"section\" data-e-type=\"section\">\n\t\t\t\t\t\t<div class=\"elementor-container elementor-column-gap-no\">\n\t\t\t\t\t<div class=\"elementor-column elementor-col-100 elementor-top-column elementor-element elementor-element-90901cb\" data-id=\"90901cb\" data-element_type=\"column\" data-e-type=\"column\">\n\t\t\t<div class=\"elementor-widget-wrap elementor-element-populated\">\n\t\t\t\t\t\t\t<\/div>\n\t\t<\/div>\n\t\t\t\t\t<\/div>\n\t\t<\/section>\n\t\t\t\t<section class=\"elementor-section elementor-top-section elementor-element elementor-element-17b46a2 elementor-section-boxed elementor-section-height-default elementor-section-height-default\" data-id=\"17b46a2\" data-element_type=\"section\" data-e-type=\"section\">\n\t\t\t\t\t\t<div class=\"elementor-container elementor-column-gap-default\">\n\t\t\t\t\t<div class=\"elementor-column elementor-col-100 elementor-top-column elementor-element elementor-element-6f3a26b\" data-id=\"6f3a26b\" data-element_type=\"column\" data-e-type=\"column\">\n\t\t\t<div class=\"elementor-widget-wrap elementor-element-populated\">\n\t\t\t\t\t\t<div class=\"elementor-element elementor-element-8b2ce76 elementor-widget elementor-widget-image\" data-id=\"8b2ce76\" data-element_type=\"widget\" data-e-type=\"widget\" data-widget_type=\"image.default\">\n\t\t\t\t<div class=\"elementor-widget-container\">\n\t\t\t\t\t\t\t\t\t\t\t\t\t\t\t<img fetchpriority=\"high\" decoding=\"async\" width=\"1979\" height=\"789\" src=\"https:\/\/maristasguaynabo.org\/home\/wp-content\/uploads\/2022\/08\/Untitled-design.jpg\" class=\"attachment-full size-full wp-image-3302\" alt=\"\" srcset=\"https:\/\/maristasguaynabo.org\/home\/wp-content\/uploads\/2022\/08\/Untitled-design.jpg 1979w, https:\/\/maristasguaynabo.org\/home\/wp-content\/uploads\/2022\/08\/Untitled-design-300x120.jpg 300w, https:\/\/maristasguaynabo.org\/home\/wp-content\/uploads\/2022\/08\/Untitled-design-1024x408.jpg 1024w, https:\/\/maristasguaynabo.org\/home\/wp-content\/uploads\/2022\/08\/Untitled-design-768x306.jpg 768w, https:\/\/maristasguaynabo.org\/home\/wp-content\/uploads\/2022\/08\/Untitled-design-1536x612.jpg 1536w\" sizes=\"(max-width: 1979px) 100vw, 1979px\" \/>\t\t\t\t\t\t\t\t\t\t\t\t\t\t\t<\/div>\n\t\t\t\t<\/div>\n\t\t\t\t\t<\/div>\n\t\t<\/div>\n\t\t\t\t\t<\/div>\n\t\t<\/section>\n\t\t\t\t<section class=\"elementor-section elementor-top-section elementor-element elementor-element-e4e3c19 elementor-section-boxed elementor-section-height-default elementor-section-height-default\" data-id=\"e4e3c19\" data-element_type=\"section\" data-e-type=\"section\">\n\t\t\t\t\t\t<div class=\"elementor-container elementor-column-gap-default\">\n\t\t\t\t\t<div class=\"elementor-column elementor-col-100 elementor-top-column elementor-element elementor-element-746a219\" data-id=\"746a219\" data-element_type=\"column\" data-e-type=\"column\">\n\t\t\t<div class=\"elementor-widget-wrap\">\n\t\t\t\t\t\t\t<\/div>\n\t\t<\/div>\n\t\t\t\t\t<\/div>\n\t\t<\/section>\n\t\t\t\t<section class=\"elementor-section elementor-top-section elementor-element elementor-element-4ac0687 elementor-section-boxed elementor-section-height-default elementor-section-height-default\" data-id=\"4ac0687\" data-element_type=\"section\" data-e-type=\"section\">\n\t\t\t\t\t\t<div class=\"elementor-container elementor-column-gap-default\">\n\t\t\t\t\t<div class=\"elementor-column elementor-col-100 elementor-top-column elementor-element elementor-element-3cfb44a\" data-id=\"3cfb44a\" data-element_type=\"column\" data-e-type=\"column\">\n\t\t\t<div class=\"elementor-widget-wrap elementor-element-populated\">\n\t\t\t\t\t\t<div class=\"elementor-element elementor-element-5f85b08 elementor-tabs-view-horizontal elementor-widget elementor-widget-tabs\" data-id=\"5f85b08\" data-element_type=\"widget\" data-e-type=\"widget\" data-widget_type=\"tabs.default\">\n\t\t\t\t<div class=\"elementor-widget-container\">\n\t\t\t\t\t\t\t<div class=\"elementor-tabs\">\n\t\t\t<div class=\"elementor-tabs-wrapper\" role=\"tablist\" >\n\t\t\t\t\t\t\t\t\t<div id=\"elementor-tab-title-1001\" class=\"elementor-tab-title elementor-tab-desktop-title\" aria-selected=\"true\" data-tab=\"1\" role=\"tab\" tabindex=\"0\" aria-controls=\"elementor-tab-content-1001\" aria-expanded=\"false\">Historia<\/div>\n\t\t\t\t\t\t\t\t\t<div id=\"elementor-tab-title-1002\" class=\"elementor-tab-title elementor-tab-desktop-title\" aria-selected=\"false\" data-tab=\"2\" role=\"tab\" tabindex=\"-1\" aria-controls=\"elementor-tab-content-1002\" aria-expanded=\"false\">Nuestro Colegio<\/div>\n\t\t\t\t\t\t\t\t\t<div id=\"elementor-tab-title-1003\" class=\"elementor-tab-title elementor-tab-desktop-title\" aria-selected=\"false\" data-tab=\"3\" role=\"tab\" tabindex=\"-1\" aria-controls=\"elementor-tab-content-1003\" aria-expanded=\"false\">Ubicaci\u00f3n<\/div>\n\t\t\t\t\t\t\t\t\t<div id=\"elementor-tab-title-1004\" class=\"elementor-tab-title elementor-tab-desktop-title\" aria-selected=\"false\" data-tab=\"4\" role=\"tab\" tabindex=\"-1\" aria-controls=\"elementor-tab-content-1004\" aria-expanded=\"false\">Horario<\/div>\n\t\t\t\t\t\t\t<\/div>\n\t\t\t<div class=\"elementor-tabs-content-wrapper\" role=\"tablist\" aria-orientation=\"vertical\">\n\t\t\t\t\t\t\t\t\t<div class=\"elementor-tab-title elementor-tab-mobile-title\" aria-selected=\"true\" data-tab=\"1\" role=\"tab\" tabindex=\"0\" aria-controls=\"elementor-tab-content-1001\" aria-expanded=\"false\">Historia<\/div>\n\t\t\t\t\t<div id=\"elementor-tab-content-1001\" class=\"elementor-tab-content elementor-clearfix\" data-tab=\"1\" role=\"tabpanel\" aria-labelledby=\"elementor-tab-title-1001\" tabindex=\"0\" hidden=\"false\"><h2>Historia de nuestro colegio<\/h2><p><br \/>El Colegio Marista se inicia en Puerto Rico como respuesta a la inquietud de familias que deseaban un colegio cat\u00f3lico de calidad y que impartiera la ense\u00f1anza desde la Primaria. En 1964 se nombr\u00f3 la primera comunidad. Los primeros en llegar, aparte del H. David fueron los Hermanos Marcelino del Amo y Silvio Salicrup. Se instalaron en una casa alquilada, propiedad de don Jorge Ram\u00edrez de Arellano, en el barrio de Villa Caparra, jurisdicci\u00f3n de Bayam\u00f3n.\u00a0 En el a\u00f1o 1967 se adquiere una finca en el t\u00e9rmino denominado \u00abAlturas de Torrimar\u00bb, del municipio de Guaynabo, y al a\u00f1o siguiente se inicia la construcci\u00f3n de la primera fase del Colegio. Actualmente se educan en el Colegio 1,470 alumnas y alumnos atendidos por 5 Hermanos, 95 docentes y 20 personas encargadas de administraci\u00f3n y mantenimiento.<br \/>\u00a0<br \/>El primer colegio marista en Puerto Rico se fund\u00f3 en 1964, en terrenos contiguos al Caparra Country Club. El Hermano David Mediavilla y seis hermanos m\u00e1s iniciaron el curso el 30 de agosto, con una matr\u00edcula de 188 alumnos varones.El crecimiento fue r\u00e1pido. En abril del curso 1969-70, el Colegio se traslad\u00f3 al edificio de la actual Escuela Superior. Fue el inicio de un proceso de expansi\u00f3n acelerada. En 1983 se convierte en coeducacional, con la admisi\u00f3n del primer grupo de ni\u00f1as. Hoy, los m\u00e1s de 1,250 alumnos, se benefician de una educaci\u00f3n marista de excelencia. En 1967, los Hermanos Maristas fundan en Manat\u00ed, un colegio de similares caracter\u00edsticas al de Guaynabo. El Colegio Marista de Guaynabo dispone de excelentes facilidades f\u00edsicas que ayudan grandemente al desarrollo de nuestro curr\u00edculo constructivista y humanista, actualizado seg\u00fan las necesidades y exigencias de los nuevos tiempos;con un enfoque cristiano y un estilo particular. Hoy, despu\u00e9s de 42 a\u00f1os de fundaci\u00f3n, el Colegio Marista sigue siendo una propuesta v\u00e1lida y muy apreciada por nuestros exalumnos y la sociedad puertorrique\u00f1a en general.<\/p><\/div>\n\t\t\t\t\t\t\t\t\t<div class=\"elementor-tab-title elementor-tab-mobile-title\" aria-selected=\"false\" data-tab=\"2\" role=\"tab\" tabindex=\"-1\" aria-controls=\"elementor-tab-content-1002\" aria-expanded=\"false\">Nuestro Colegio<\/div>\n\t\t\t\t\t<div id=\"elementor-tab-content-1002\" class=\"elementor-tab-content elementor-clearfix\" data-tab=\"2\" role=\"tabpanel\" aria-labelledby=\"elementor-tab-title-1002\" tabindex=\"0\" hidden=\"hidden\"><h2>Facilidades\/Instalaciones F\u00edsicas:<\/h2><h3>Nuestro colegio cuenta con las siguientes facilidades f\u00edsicas:<\/h3><ul><li>45 salones de clase con aire acondicionado<\/li><li>4 laboratorios: qu\u00edmica, f\u00edsica y biolog\u00eda<\/li><li>4 laboratorios de STEAM (Ciencia, Tecnolog\u00eda, Ingenier\u00eda, Arte y Matem\u00e1ticas)<\/li><li>3 laboratorios de Tecnolog\u00eda (Forward Learning)<\/li><li>1 centro de recursos de aprendizaje<\/li><li>1 centro de consejer\u00eda (psicopedagog\u00eda, psicolog\u00eda, trabajadora social, consejer\u00eda, orientaci\u00f3n universitaria y capellan\u00eda)<\/li><li>1 sal\u00f3n de arte<\/li><li>1 sal\u00f3n de Salud Integral<\/li><li>1 centro de primeros auxilios<\/li><li>1 gimnasio<\/li><li>1 cancha techada<\/li><li>1 campo de balompi\u00e9 y pelota<\/li><li>1 pista<\/li><li>3 oficinas de Pastoral<\/li><li>1 capilla<\/li><li>1 oratorio<\/li><li>1 oficina de Exalumnos y Desarrollo<\/li><li>1 oficina de Padres de Familia<\/li><li>1 centro de m\u00fasica<\/li><li>1 sala de Baile-Danza<\/li><li>1 cafeter\u00eda y comedor<\/li><li>4 salas de facultad<\/li><li>1 campo de balompi\u00e9 y pelota<\/li><li>1 oficina de educaci\u00f3n f\u00edsica<\/li><li>2 auditorios\/teatros con capacidad para 800 personas<\/li><\/ul><\/div>\n\t\t\t\t\t\t\t\t\t<div class=\"elementor-tab-title elementor-tab-mobile-title\" aria-selected=\"false\" data-tab=\"3\" role=\"tab\" tabindex=\"-1\" aria-controls=\"elementor-tab-content-1003\" aria-expanded=\"false\">Ubicaci\u00f3n<\/div>\n\t\t\t\t\t<div id=\"elementor-tab-content-1003\" class=\"elementor-tab-content elementor-clearfix\" data-tab=\"3\" role=\"tabpanel\" aria-labelledby=\"elementor-tab-title-1003\" tabindex=\"0\" hidden=\"hidden\"><h2><strong>Direcci\u00f3n F\u00edsica<\/strong><\/h2><p><strong>Calle 6 Marcelino Champagnat<\/strong><\/p><p><strong>Alturas de Torrimar<\/strong><\/p><p><strong>Guaynabo, Puerto Rico 00969-3251<\/strong><\/p><p><strong>\u00a0<\/strong><\/p><p><strong>Tel\u00e9fonos: (787) 720-2186<\/strong><\/p><p><strong>Fax (787) 720-7020<\/strong><\/p><\/div>\n\t\t\t\t\t\t\t\t\t<div class=\"elementor-tab-title elementor-tab-mobile-title\" aria-selected=\"false\" data-tab=\"4\" role=\"tab\" tabindex=\"-1\" aria-controls=\"elementor-tab-content-1004\" aria-expanded=\"false\">Horario<\/div>\n\t\t\t\t\t<div id=\"elementor-tab-content-1004\" class=\"elementor-tab-content elementor-clearfix\" data-tab=\"4\" role=\"tabpanel\" aria-labelledby=\"elementor-tab-title-1004\" tabindex=\"0\" hidden=\"hidden\"><h2>Horario de Oficina<\/h2><p>7:45 am a 3:00pm<\/p><h2>Horario de la Tienda en l\u00ednea<\/h2><p>24\/7<\/p><h2>Horario Tienda f\u00edsica am<\/h2><div>L-W-V<\/div><div>7:15am a 8:45am<\/div><\/div>\n\t\t\t\t\t\t\t<\/div>\n\t\t<\/div>\n\t\t\t\t\t\t<\/div>\n\t\t\t\t<\/div>\n\t\t\t\t<div class=\"elementor-element elementor-element-0125220 elementor-widget elementor-widget-google_maps\" data-id=\"0125220\" data-element_type=\"widget\" data-e-type=\"widget\" data-widget_type=\"google_maps.default\">\n\t\t\t\t<div class=\"elementor-widget-container\">\n\t\t\t\t\t\t\t<div class=\"elementor-custom-embed\">\n\t\t\t<iframe loading=\"lazy\"\n\t\t\t\t\tsrc=\"https:\/\/maps.google.com\/maps?q=Colegio%20Marista&#038;t=m&#038;z=13&#038;output=embed&#038;iwloc=near\"\n\t\t\t\t\ttitle=\"Colegio Marista\"\n\t\t\t\t\taria-label=\"Colegio Marista\"\n\t\t\t><\/iframe>\n\t\t<\/div>\n\t\t\t\t\t\t<\/div>\n\t\t\t\t<\/div>\n\t\t\t\t\t<\/div>\n\t\t<\/div>\n\t\t\t\t\t<\/div>\n\t\t<\/section>\n\t\t\t\t<\/div>\n\t\t","protected":false},"excerpt":{"rendered":"<p>HISTORIA Historia Nuestro Colegio Ubicaci\u00f3n Horario Historia Historia de nuestro colegio El Colegio Marista se inicia en Puerto Rico como respuesta a la inquietud de familias que deseaban un colegio cat\u00f3lico de calidad y que impartiera la ense\u00f1anza desde la Primaria. En 1964 se nombr\u00f3 la primera comunidad. Los primeros en llegar, aparte del H. [&hellip;]<\/p>\n","protected":false},"author":4,"featured_media":0,"parent":1788,"menu_order":2,"comment_status":"closed","ping_status":"closed","template":"elementor_header_footer","meta":{"_monsterinsights_skip_tracking":false,"_monsterinsights_sitenote_active":false,"_monsterinsights_sitenote_note":"","_monsterinsights_sitenote_category":0,"footnotes":""},"class_list":["post-35","page","type-page","status-publish","hentry"],"yoast_head":"<!-- This site is optimized with the Yoast SEO plugin v27.2 - https:\/\/yoast.com\/product\/yoast-seo-wordpress\/ -->\n<title>Historia - Colegio Marista Guaynabo<\/title>\n<meta name=\"robots\" content=\"index, follow, max-snippet:-1, max-image-preview:large, max-video-preview:-1\" \/>\n<link rel=\"canonical\" href=\"https:\/\/maristasguaynabo.org\/home\/quienes-somos\/historia\/\" \/>\n<meta property=\"og:locale\" content=\"es_ES\" \/>\n<meta property=\"og:type\" content=\"article\" \/>\n<meta property=\"og:title\" content=\"Historia - Colegio Marista Guaynabo\" \/>\n<meta property=\"og:description\" content=\"HISTORIA Historia Nuestro Colegio Ubicaci\u00f3n Horario Historia Historia de nuestro colegio El Colegio Marista se inicia en Puerto Rico como respuesta a la inquietud de familias que deseaban un colegio cat\u00f3lico de calidad y que impartiera la ense\u00f1anza desde la Primaria. En 1964 se nombr\u00f3 la primera comunidad. Los primeros en llegar, aparte del H. [&hellip;]\" \/>\n<meta property=\"og:url\" content=\"https:\/\/maristasguaynabo.org\/home\/quienes-somos\/historia\/\" \/>\n<meta property=\"og:site_name\" content=\"Colegio Marista Guaynabo\" \/>\n<meta property=\"article:modified_time\" content=\"2022-09-08T15:44:30+00:00\" \/>\n<meta property=\"og:image\" content=\"https:\/\/maristasguaynabo.org\/home\/wp-content\/uploads\/2021\/08\/section.png\" \/>\n<meta name=\"twitter:card\" content=\"summary_large_image\" \/>\n<meta name=\"twitter:label1\" content=\"Tiempo de lectura\" \/>\n\t<meta name=\"twitter:data1\" content=\"3 minutos\" \/>\n<script type=\"application\/ld+json\" class=\"yoast-schema-graph\">{\"@context\":\"https:\/\/schema.org\",\"@graph\":[{\"@type\":\"WebPage\",\"@id\":\"https:\/\/maristasguaynabo.org\/home\/quienes-somos\/historia\/\",\"url\":\"https:\/\/maristasguaynabo.org\/home\/quienes-somos\/historia\/\",\"name\":\"Historia - Colegio Marista Guaynabo\",\"isPartOf\":{\"@id\":\"https:\/\/maristasguaynabo.org\/home\/#website\"},\"primaryImageOfPage\":{\"@id\":\"https:\/\/maristasguaynabo.org\/home\/quienes-somos\/historia\/#primaryimage\"},\"image\":{\"@id\":\"https:\/\/maristasguaynabo.org\/home\/quienes-somos\/historia\/#primaryimage\"},\"thumbnailUrl\":\"https:\/\/maristasguaynabo.org\/home\/wp-content\/uploads\/2021\/08\/section.png\",\"datePublished\":\"2021-08-16T16:51:49+00:00\",\"dateModified\":\"2022-09-08T15:44:30+00:00\",\"breadcrumb\":{\"@id\":\"https:\/\/maristasguaynabo.org\/home\/quienes-somos\/historia\/#breadcrumb\"},\"inLanguage\":\"es\",\"potentialAction\":[{\"@type\":\"ReadAction\",\"target\":[\"https:\/\/maristasguaynabo.org\/home\/quienes-somos\/historia\/\"]}]},{\"@type\":\"ImageObject\",\"inLanguage\":\"es\",\"@id\":\"https:\/\/maristasguaynabo.org\/home\/quienes-somos\/historia\/#primaryimage\",\"url\":\"https:\/\/maristasguaynabo.org\/home\/wp-content\/uploads\/2021\/08\/section.png\",\"contentUrl\":\"https:\/\/maristasguaynabo.org\/home\/wp-content\/uploads\/2021\/08\/section.png\",\"width\":13,\"height\":40},{\"@type\":\"BreadcrumbList\",\"@id\":\"https:\/\/maristasguaynabo.org\/home\/quienes-somos\/historia\/#breadcrumb\",\"itemListElement\":[{\"@type\":\"ListItem\",\"position\":1,\"name\":\"Portada\",\"item\":\"https:\/\/maristasguaynabo.org\/home\/\"},{\"@type\":\"ListItem\",\"position\":2,\"name\":\"Qui\u00e9nes somos\",\"item\":\"https:\/\/maristasguaynabo.org\/home\/quienes-somos\/\"},{\"@type\":\"ListItem\",\"position\":3,\"name\":\"Historia\"}]},{\"@type\":\"WebSite\",\"@id\":\"https:\/\/maristasguaynabo.org\/home\/#website\",\"url\":\"https:\/\/maristasguaynabo.org\/home\/\",\"name\":\"Colegio Marista Guaynabo\",\"description\":\"\",\"publisher\":{\"@id\":\"https:\/\/maristasguaynabo.org\/home\/#organization\"},\"potentialAction\":[{\"@type\":\"SearchAction\",\"target\":{\"@type\":\"EntryPoint\",\"urlTemplate\":\"https:\/\/maristasguaynabo.org\/home\/?s={search_term_string}\"},\"query-input\":{\"@type\":\"PropertyValueSpecification\",\"valueRequired\":true,\"valueName\":\"search_term_string\"}}],\"inLanguage\":\"es\"},{\"@type\":\"Organization\",\"@id\":\"https:\/\/maristasguaynabo.org\/home\/#organization\",\"name\":\"Colegio Marista Guaynabo\",\"url\":\"https:\/\/maristasguaynabo.org\/home\/\",\"logo\":{\"@type\":\"ImageObject\",\"inLanguage\":\"es\",\"@id\":\"https:\/\/maristasguaynabo.org\/home\/#\/schema\/logo\/image\/\",\"url\":\"https:\/\/maristasguaynabo.org\/home\/wp-content\/uploads\/2022\/08\/10_GUAYNABO_final.png\",\"contentUrl\":\"https:\/\/maristasguaynabo.org\/home\/wp-content\/uploads\/2022\/08\/10_GUAYNABO_final.png\",\"width\":924,\"height\":177,\"caption\":\"Colegio Marista Guaynabo\"},\"image\":{\"@id\":\"https:\/\/maristasguaynabo.org\/home\/#\/schema\/logo\/image\/\"}}]}<\/script>\n<!-- \/ Yoast SEO plugin. -->","yoast_head_json":{"title":"Historia - Colegio Marista Guaynabo","robots":{"index":"index","follow":"follow","max-snippet":"max-snippet:-1","max-image-preview":"max-image-preview:large","max-video-preview":"max-video-preview:-1"},"canonical":"https:\/\/maristasguaynabo.org\/home\/quienes-somos\/historia\/","og_locale":"es_ES","og_type":"article","og_title":"Historia - Colegio Marista Guaynabo","og_description":"HISTORIA Historia Nuestro Colegio Ubicaci\u00f3n Horario Historia Historia de nuestro colegio El Colegio Marista se inicia en Puerto Rico como respuesta a la inquietud de familias que deseaban un colegio cat\u00f3lico de calidad y que impartiera la ense\u00f1anza desde la Primaria. En 1964 se nombr\u00f3 la primera comunidad. Los primeros en llegar, aparte del H. [&hellip;]","og_url":"https:\/\/maristasguaynabo.org\/home\/quienes-somos\/historia\/","og_site_name":"Colegio Marista Guaynabo","article_modified_time":"2022-09-08T15:44:30+00:00","og_image":[{"url":"https:\/\/maristasguaynabo.org\/home\/wp-content\/uploads\/2021\/08\/section.png","type":"","width":"","height":""}],"twitter_card":"summary_large_image","twitter_misc":{"Tiempo de lectura":"3 minutos"},"schema":{"@context":"https:\/\/schema.org","@graph":[{"@type":"WebPage","@id":"https:\/\/maristasguaynabo.org\/home\/quienes-somos\/historia\/","url":"https:\/\/maristasguaynabo.org\/home\/quienes-somos\/historia\/","name":"Historia - Colegio Marista Guaynabo","isPartOf":{"@id":"https:\/\/maristasguaynabo.org\/home\/#website"},"primaryImageOfPage":{"@id":"https:\/\/maristasguaynabo.org\/home\/quienes-somos\/historia\/#primaryimage"},"image":{"@id":"https:\/\/maristasguaynabo.org\/home\/quienes-somos\/historia\/#primaryimage"},"thumbnailUrl":"https:\/\/maristasguaynabo.org\/home\/wp-content\/uploads\/2021\/08\/section.png","datePublished":"2021-08-16T16:51:49+00:00","dateModified":"2022-09-08T15:44:30+00:00","breadcrumb":{"@id":"https:\/\/maristasguaynabo.org\/home\/quienes-somos\/historia\/#breadcrumb"},"inLanguage":"es","potentialAction":[{"@type":"ReadAction","target":["https:\/\/maristasguaynabo.org\/home\/quienes-somos\/historia\/"]}]},{"@type":"ImageObject","inLanguage":"es","@id":"https:\/\/maristasguaynabo.org\/home\/quienes-somos\/historia\/#primaryimage","url":"https:\/\/maristasguaynabo.org\/home\/wp-content\/uploads\/2021\/08\/section.png","contentUrl":"https:\/\/maristasguaynabo.org\/home\/wp-content\/uploads\/2021\/08\/section.png","width":13,"height":40},{"@type":"BreadcrumbList","@id":"https:\/\/maristasguaynabo.org\/home\/quienes-somos\/historia\/#breadcrumb","itemListElement":[{"@type":"ListItem","position":1,"name":"Portada","item":"https:\/\/maristasguaynabo.org\/home\/"},{"@type":"ListItem","position":2,"name":"Qui\u00e9nes somos","item":"https:\/\/maristasguaynabo.org\/home\/quienes-somos\/"},{"@type":"ListItem","position":3,"name":"Historia"}]},{"@type":"WebSite","@id":"https:\/\/maristasguaynabo.org\/home\/#website","url":"https:\/\/maristasguaynabo.org\/home\/","name":"Colegio Marista Guaynabo","description":"","publisher":{"@id":"https:\/\/maristasguaynabo.org\/home\/#organization"},"potentialAction":[{"@type":"SearchAction","target":{"@type":"EntryPoint","urlTemplate":"https:\/\/maristasguaynabo.org\/home\/?s={search_term_string}"},"query-input":{"@type":"PropertyValueSpecification","valueRequired":true,"valueName":"search_term_string"}}],"inLanguage":"es"},{"@type":"Organization","@id":"https:\/\/maristasguaynabo.org\/home\/#organization","name":"Colegio Marista Guaynabo","url":"https:\/\/maristasguaynabo.org\/home\/","logo":{"@type":"ImageObject","inLanguage":"es","@id":"https:\/\/maristasguaynabo.org\/home\/#\/schema\/logo\/image\/","url":"https:\/\/maristasguaynabo.org\/home\/wp-content\/uploads\/2022\/08\/10_GUAYNABO_final.png","contentUrl":"https:\/\/maristasguaynabo.org\/home\/wp-content\/uploads\/2022\/08\/10_GUAYNABO_final.png","width":924,"height":177,"caption":"Colegio Marista Guaynabo"},"image":{"@id":"https:\/\/maristasguaynabo.org\/home\/#\/schema\/logo\/image\/"}}]}},"_links":{"self":[{"href":"https:\/\/maristasguaynabo.org\/home\/wp-json\/wp\/v2\/pages\/35","targetHints":{"allow":["GET"]}}],"collection":[{"href":"https:\/\/maristasguaynabo.org\/home\/wp-json\/wp\/v2\/pages"}],"about":[{"href":"https:\/\/maristasguaynabo.org\/home\/wp-json\/wp\/v2\/types\/page"}],"author":[{"embeddable":true,"href":"https:\/\/maristasguaynabo.org\/home\/wp-json\/wp\/v2\/users\/4"}],"replies":[{"embeddable":true,"href":"https:\/\/maristasguaynabo.org\/home\/wp-json\/wp\/v2\/comments?post=35"}],"version-history":[{"count":101,"href":"https:\/\/maristasguaynabo.org\/home\/wp-json\/wp\/v2\/pages\/35\/revisions"}],"predecessor-version":[{"id":3994,"href":"https:\/\/maristasguaynabo.org\/home\/wp-json\/wp\/v2\/pages\/35\/revisions\/3994"}],"up":[{"embeddable":true,"href":"https:\/\/maristasguaynabo.org\/home\/wp-json\/wp\/v2\/pages\/1788"}],"wp:attachment":[{"href":"https:\/\/maristasguaynabo.org\/home\/wp-json\/wp\/v2\/media?parent=35"}],"curies":[{"name":"wp","href":"https:\/\/api.w.org\/{rel}","templated":true}]}}