{"id":3356,"date":"2022-08-30T17:40:57","date_gmt":"2022-08-30T23:40:57","guid":{"rendered":"https:\/\/maristasguaynabo.org\/home\/?page_id=3356"},"modified":"2025-08-07T12:45:46","modified_gmt":"2025-08-07T18:45:46","slug":"marista-alumni","status":"publish","type":"page","link":"https:\/\/maristasguaynabo.org\/home\/quienes-somos\/marista-alumni\/","title":{"rendered":"Marista Alumni"},"content":{"rendered":"\t\t<div data-elementor-type=\"wp-page\" data-elementor-id=\"3356\" class=\"elementor elementor-3356\" data-elementor-post-type=\"page\">\n\t\t\t\t\t\t<section class=\"elementor-section elementor-top-section elementor-element elementor-element-de6e01b elementor-section-full_width elementor-section-height-default elementor-section-height-default\" data-id=\"de6e01b\" data-element_type=\"section\" data-e-type=\"section\" data-settings=\"{&quot;background_background&quot;:&quot;classic&quot;}\">\n\t\t\t\t\t\t<div class=\"elementor-container elementor-column-gap-no\">\n\t\t\t\t\t<div class=\"elementor-column elementor-col-100 elementor-top-column elementor-element elementor-element-20aecf7\" data-id=\"20aecf7\" data-element_type=\"column\" data-e-type=\"column\">\n\t\t\t<div class=\"elementor-widget-wrap elementor-element-populated\">\n\t\t\t\t\t\t<section class=\"elementor-section elementor-inner-section elementor-element elementor-element-04b85df elementor-section-boxed elementor-section-height-default elementor-section-height-default elementor-invisible\" data-id=\"04b85df\" data-element_type=\"section\" data-e-type=\"section\" data-settings=\"{&quot;motion_fx_motion_fx_scrolling&quot;:&quot;yes&quot;,&quot;animation&quot;:&quot;slideInRight&quot;,&quot;motion_fx_devices&quot;:[&quot;desktop&quot;,&quot;tablet&quot;,&quot;mobile&quot;]}\">\n\t\t\t\t\t\t<div class=\"elementor-container elementor-column-gap-default\">\n\t\t\t\t\t<div class=\"elementor-column elementor-col-100 elementor-inner-column elementor-element elementor-element-a432ff0\" data-id=\"a432ff0\" data-element_type=\"column\" data-e-type=\"column\">\n\t\t\t<div class=\"elementor-widget-wrap elementor-element-populated\">\n\t\t\t\t\t\t<div class=\"elementor-element elementor-element-e922189 elementor-widget__width-initial elementor-widget-mobile__width-initial elementor-widget elementor-widget-image\" data-id=\"e922189\" data-element_type=\"widget\" data-e-type=\"widget\" data-widget_type=\"image.default\">\n\t\t\t\t<div class=\"elementor-widget-container\">\n\t\t\t\t\t\t\t\t\t\t\t\t\t\t\t<img decoding=\"async\" width=\"13\" height=\"40\" src=\"https:\/\/maristasguaynabo.org\/home\/wp-content\/uploads\/2021\/08\/section.png\" class=\"attachment-full size-full wp-image-86\" alt=\"\" \/>\t\t\t\t\t\t\t\t\t\t\t\t\t\t\t<\/div>\n\t\t\t\t<\/div>\n\t\t\t\t<div class=\"elementor-element elementor-element-b0ad1ff elementor-widget__width-auto elementor-widget elementor-widget-heading\" data-id=\"b0ad1ff\" data-element_type=\"widget\" data-e-type=\"widget\" data-widget_type=\"heading.default\">\n\t\t\t\t<div class=\"elementor-widget-container\">\n\t\t\t\t\t<h2 class=\"elementor-heading-title elementor-size-default\">Marista Alumni<\/h2>\t\t\t\t<\/div>\n\t\t\t\t<\/div>\n\t\t\t\t\t<\/div>\n\t\t<\/div>\n\t\t\t\t\t<\/div>\n\t\t<\/section>\n\t\t\t\t\t<\/div>\n\t\t<\/div>\n\t\t\t\t\t<\/div>\n\t\t<\/section>\n\t\t\t\t<section class=\"elementor-section elementor-top-section elementor-element elementor-element-19c942e elementor-section-full_width elementor-section-height-default elementor-section-height-default\" data-id=\"19c942e\" data-element_type=\"section\" data-e-type=\"section\">\n\t\t\t\t\t\t<div class=\"elementor-container elementor-column-gap-no\">\n\t\t\t\t\t<div class=\"elementor-column elementor-col-100 elementor-top-column elementor-element elementor-element-5158cb7\" data-id=\"5158cb7\" data-element_type=\"column\" data-e-type=\"column\">\n\t\t\t<div class=\"elementor-widget-wrap elementor-element-populated\">\n\t\t\t\t\t\t<div class=\"elementor-element elementor-element-8bc2258 elementor-widget elementor-widget-image\" data-id=\"8bc2258\" data-element_type=\"widget\" data-e-type=\"widget\" data-widget_type=\"image.default\">\n\t\t\t\t<div class=\"elementor-widget-container\">\n\t\t\t\t\t\t\t\t\t\t\t\t\t\t\t<img fetchpriority=\"high\" decoding=\"async\" width=\"1979\" height=\"789\" src=\"https:\/\/maristasguaynabo.org\/home\/wp-content\/uploads\/2022\/08\/Para-educar-a-los-ninos-hay-que-amarlos-y-amarlos-a-todos-por-igual.-4-1.png\" class=\"attachment-full size-full wp-image-3358\" alt=\"\" srcset=\"https:\/\/maristasguaynabo.org\/home\/wp-content\/uploads\/2022\/08\/Para-educar-a-los-ninos-hay-que-amarlos-y-amarlos-a-todos-por-igual.-4-1.png 1979w, https:\/\/maristasguaynabo.org\/home\/wp-content\/uploads\/2022\/08\/Para-educar-a-los-ninos-hay-que-amarlos-y-amarlos-a-todos-por-igual.-4-1-300x120.png 300w, https:\/\/maristasguaynabo.org\/home\/wp-content\/uploads\/2022\/08\/Para-educar-a-los-ninos-hay-que-amarlos-y-amarlos-a-todos-por-igual.-4-1-1024x408.png 1024w, https:\/\/maristasguaynabo.org\/home\/wp-content\/uploads\/2022\/08\/Para-educar-a-los-ninos-hay-que-amarlos-y-amarlos-a-todos-por-igual.-4-1-768x306.png 768w, https:\/\/maristasguaynabo.org\/home\/wp-content\/uploads\/2022\/08\/Para-educar-a-los-ninos-hay-que-amarlos-y-amarlos-a-todos-por-igual.-4-1-1536x612.png 1536w\" sizes=\"(max-width: 1979px) 100vw, 1979px\" \/>\t\t\t\t\t\t\t\t\t\t\t\t\t\t\t<\/div>\n\t\t\t\t<\/div>\n\t\t\t\t\t<\/div>\n\t\t<\/div>\n\t\t\t\t\t<\/div>\n\t\t<\/section>\n\t\t\t\t<section class=\"elementor-section elementor-top-section elementor-element elementor-element-e3f8415 elementor-section-boxed elementor-section-height-default elementor-section-height-default\" data-id=\"e3f8415\" data-element_type=\"section\" data-e-type=\"section\">\n\t\t\t\t\t\t<div class=\"elementor-container elementor-column-gap-default\">\n\t\t\t\t\t<div class=\"elementor-column elementor-col-100 elementor-top-column elementor-element elementor-element-1690fd7\" data-id=\"1690fd7\" data-element_type=\"column\" data-e-type=\"column\">\n\t\t\t<div class=\"elementor-widget-wrap elementor-element-populated\">\n\t\t\t\t\t\t<div class=\"elementor-element elementor-element-e7edce5 elementor-tabs-view-horizontal elementor-widget elementor-widget-tabs\" data-id=\"e7edce5\" data-element_type=\"widget\" data-e-type=\"widget\" data-widget_type=\"tabs.default\">\n\t\t\t\t<div class=\"elementor-widget-container\">\n\t\t\t\t\t\t\t<div class=\"elementor-tabs\">\n\t\t\t<div class=\"elementor-tabs-wrapper\" role=\"tablist\" >\n\t\t\t\t\t\t\t\t\t<div id=\"elementor-tab-title-2431\" class=\"elementor-tab-title elementor-tab-desktop-title\" aria-selected=\"true\" data-tab=\"1\" role=\"tab\" tabindex=\"0\" aria-controls=\"elementor-tab-content-2431\" aria-expanded=\"false\">APREM<\/div>\n\t\t\t\t\t\t\t\t\t<div id=\"elementor-tab-title-2432\" class=\"elementor-tab-title elementor-tab-desktop-title\" aria-selected=\"false\" data-tab=\"2\" role=\"tab\" tabindex=\"-1\" aria-controls=\"elementor-tab-content-2432\" aria-expanded=\"false\">Directiva<\/div>\n\t\t\t\t\t\t\t\t\t<div id=\"elementor-tab-title-2433\" class=\"elementor-tab-title elementor-tab-desktop-title\" aria-selected=\"false\" data-tab=\"3\" role=\"tab\" tabindex=\"-1\" aria-controls=\"elementor-tab-content-2433\" aria-expanded=\"false\">Contacto<\/div>\n\t\t\t\t\t\t\t<\/div>\n\t\t\t<div class=\"elementor-tabs-content-wrapper\" role=\"tablist\" aria-orientation=\"vertical\">\n\t\t\t\t\t\t\t\t\t<div class=\"elementor-tab-title elementor-tab-mobile-title\" aria-selected=\"true\" data-tab=\"1\" role=\"tab\" tabindex=\"0\" aria-controls=\"elementor-tab-content-2431\" aria-expanded=\"false\">APREM<\/div>\n\t\t\t\t\t<div id=\"elementor-tab-content-2431\" class=\"elementor-tab-content elementor-clearfix\" data-tab=\"1\" role=\"tabpanel\" aria-labelledby=\"elementor-tab-title-2431\" tabindex=\"0\" hidden=\"false\"><h2>Asociaci\u00f3n Puertorrique\u00f1a Ex alumnos Maristas<\/h2><p><img decoding=\"async\" class=\"alignnone size-medium wp-image-3359\" src=\"https:\/\/maristasguaynabo.org\/home\/wp-content\/uploads\/2022\/08\/aprem-300x178.jpg\" alt=\"\" width=\"300\" height=\"178\" srcset=\"https:\/\/maristasguaynabo.org\/home\/wp-content\/uploads\/2022\/08\/aprem-300x178.jpg 300w, https:\/\/maristasguaynabo.org\/home\/wp-content\/uploads\/2022\/08\/aprem.jpg 375w\" sizes=\"(max-width: 300px) 100vw, 300px\" \/>La Asociaci\u00f3n Puertorrique\u00f1a de Exalumnos Maristas de Guaynabo cuenta con una larga trayectoria, a lo largo de la cual ha tenido sus momentos de normalidad y otros de reestructuraci\u00f3n. Bajo la asesor\u00eda de nuestro querido Hno. F\u00e9lix Hern\u00e1ndez (Q. E. P. D), se llevaron a cabo algunas actividades que duraron muchos a\u00f1os y convocaron a buen n\u00famero de egresados en cada una.<\/p><p>El proyecto, llevado a cabo por un grupo de entusiastas exalumnos, tuvo una r\u00e1pida aceptaci\u00f3n y es hoy una realidad consolidada de gran resonancia social. Los ingresos generados por esta actividad pasan, en su mayor parte, a engrosar el Fondo de Becas del Colegio. De esta manera, la Asociaci\u00f3n cumple una funci\u00f3n social nada despreciable. Lo que al principio fueron grupos relativamente poco numerosos, donde todos se conoc\u00edan, con el paso de los a\u00f1os se han convertido en promociones grandes, distanciadas unas de otras por la edad y los diversos intereses. Armonizar las necesidades de los m\u00e1s antiguos con las de los medianos y de los m\u00e1s j\u00f3venes es un reto del momento presente. La incorporaci\u00f3n de las mujeres al conjunto de exalumnos existentes ha contribuido, adem\u00e1s, a dar un cambio cualitativo a la Asociaci\u00f3n. Se hace necesario un replanteamiento de acuerdo con la realidad actual. En esta fase nos encontramos en estos momentos. Cualquier ayuda, por parte de aquellos exalumnos, que deseen aportar nuevas ideas y quieran trabajar para hacerlas realidad ser\u00e1n bien recibidas.<\/p><p>Los animo a que ejerciten su ingenio y originalidad en favor de todos los miembros asociados. Los invito a entrar a nuestra p\u00e1gina\u00a0www.maristaalumni.org\u00a0para m\u00e1s informaci\u00f3n. Pueden dirigirse al Hno. Felipe Vegas, actual asesor de la Asociaci\u00f3n.<\/p><h2>Recuerda, exalumno y exalumna, que UN BUEN MARISTA SIEMPRE ES MARISTA.\u00a0<\/h2><p>Hermano Felipe Vegas<\/p><\/div>\n\t\t\t\t\t\t\t\t\t<div class=\"elementor-tab-title elementor-tab-mobile-title\" aria-selected=\"false\" data-tab=\"2\" role=\"tab\" tabindex=\"-1\" aria-controls=\"elementor-tab-content-2432\" aria-expanded=\"false\">Directiva<\/div>\n\t\t\t\t\t<div id=\"elementor-tab-content-2432\" class=\"elementor-tab-content elementor-clearfix\" data-tab=\"2\" role=\"tabpanel\" aria-labelledby=\"elementor-tab-title-2432\" tabindex=\"0\" hidden=\"hidden\"><h2>&nbsp;<\/h2>\n<h2>&nbsp;<\/h2>\n<h2>Presidente:<\/h2>\n<p>Anibal Di Cristina 94&#8242;<\/p>\n<h2>Vice Presidente<\/h2>\n<p>Sandra Mayoral 93&#8242;<\/p>\n<h2>Secretario<\/h2>\n<p>V\u00edctor R. Santiago 94&#8242;<\/p>\n<h2>Tesorero<\/h2>\n<p>Jaime Villamil 04&#8242;<\/p>\n<h2>Vocales<\/h2>\n<p>Alfonso Garc\u00eda<br>Carolina Mercado<br>Jes\u00fas E. Arroyo&nbsp;<br>Johnny Semanaz&nbsp;<br>Randy Ram\u00edrez&nbsp;<br>V\u00edctor Areces<br>Marcos Mercado<\/p><\/div>\n\t\t\t\t\t\t\t\t\t<div class=\"elementor-tab-title elementor-tab-mobile-title\" aria-selected=\"false\" data-tab=\"3\" role=\"tab\" tabindex=\"-1\" aria-controls=\"elementor-tab-content-2433\" aria-expanded=\"false\">Contacto<\/div>\n\t\t\t\t\t<div id=\"elementor-tab-content-2433\" class=\"elementor-tab-content elementor-clearfix\" data-tab=\"3\" role=\"tabpanel\" aria-labelledby=\"elementor-tab-title-2433\" tabindex=\"0\" hidden=\"hidden\"><h2><img loading=\"lazy\" decoding=\"async\" class=\"alignnone size-medium wp-image-3360\" src=\"https:\/\/maristasguaynabo.org\/home\/wp-content\/uploads\/2022\/08\/LOGO-MARISTA-ALUMNI-1.jpg\" alt=\"\" width=\"1\" height=\"1\" \/><img loading=\"lazy\" decoding=\"async\" class=\"alignnone size-medium wp-image-3360\" src=\"https:\/\/maristasguaynabo.org\/home\/wp-content\/uploads\/2022\/08\/LOGO-MARISTA-ALUMNI-1.jpg\" alt=\"\" width=\"1\" height=\"1\" \/><\/h2><h2>S\u00edganos en las redes sociales:<\/h2><h2><img loading=\"lazy\" decoding=\"async\" class=\"wp-image-3333 alignleft\" src=\"https:\/\/maristasguaynabo.org\/home\/wp-content\/uploads\/2022\/08\/fcbk.png\" alt=\"\" width=\"40\" height=\"40\" \/><\/h2><p>Facebook: @asociacionpuertorriquenadeexalumnosmaristas<\/p><p><img loading=\"lazy\" decoding=\"async\" class=\"wp-image-3334 alignnone\" src=\"https:\/\/maristasguaynabo.org\/home\/wp-content\/uploads\/2022\/08\/Insta.png\" alt=\"\" width=\"40\" height=\"40\" \/>\u00a0 \u00a0 \u00a0Instagram: @maristasalumnipr<\/p><p><img loading=\"lazy\" decoding=\"async\" class=\"wp-image-3364 alignleft\" src=\"https:\/\/maristasguaynabo.org\/home\/wp-content\/uploads\/2022\/08\/Icon-s-para-cuerpo-de-mensaje-elementor-2-300x300.png\" alt=\"\" width=\"49\" height=\"49\" srcset=\"https:\/\/maristasguaynabo.org\/home\/wp-content\/uploads\/2022\/08\/Icon-s-para-cuerpo-de-mensaje-elementor-2.png 300w, https:\/\/maristasguaynabo.org\/home\/wp-content\/uploads\/2022\/08\/Icon-s-para-cuerpo-de-mensaje-elementor-2-150x150.png 150w\" sizes=\"(max-width: 49px) 100vw, 49px\" \/><\/p><p>www.maristaalumni.org<\/p><\/div>\n\t\t\t\t\t\t\t<\/div>\n\t\t<\/div>\n\t\t\t\t\t\t<\/div>\n\t\t\t\t<\/div>\n\t\t\t\t\t<\/div>\n\t\t<\/div>\n\t\t\t\t\t<\/div>\n\t\t<\/section>\n\t\t\t\t<\/div>\n\t\t","protected":false},"excerpt":{"rendered":"<p>Marista Alumni APREM Directiva Contacto APREM Asociaci\u00f3n Puertorrique\u00f1a Ex alumnos Maristas La Asociaci\u00f3n Puertorrique\u00f1a de Exalumnos Maristas de Guaynabo cuenta con una larga trayectoria, a lo largo de la cual ha tenido sus momentos de normalidad y otros de reestructuraci\u00f3n. Bajo la asesor\u00eda de nuestro querido Hno. F\u00e9lix Hern\u00e1ndez (Q. E. P. D), se llevaron [&hellip;]<\/p>\n","protected":false},"author":5,"featured_media":0,"parent":1788,"menu_order":4,"comment_status":"closed","ping_status":"closed","template":"","meta":{"_monsterinsights_skip_tracking":false,"_monsterinsights_sitenote_active":false,"_monsterinsights_sitenote_note":"","_monsterinsights_sitenote_category":0,"footnotes":""},"class_list":["post-3356","page","type-page","status-publish","hentry"],"yoast_head":"<!-- This site is optimized with the Yoast SEO plugin v27.2 - https:\/\/yoast.com\/product\/yoast-seo-wordpress\/ -->\n<title>Marista Alumni - Colegio Marista Guaynabo<\/title>\n<meta name=\"robots\" content=\"index, follow, max-snippet:-1, max-image-preview:large, max-video-preview:-1\" \/>\n<link rel=\"canonical\" href=\"https:\/\/maristasguaynabo.org\/home\/quienes-somos\/marista-alumni\/\" \/>\n<meta property=\"og:locale\" content=\"es_ES\" \/>\n<meta property=\"og:type\" content=\"article\" \/>\n<meta property=\"og:title\" content=\"Marista Alumni - Colegio Marista Guaynabo\" \/>\n<meta property=\"og:description\" content=\"Marista Alumni APREM Directiva Contacto APREM Asociaci\u00f3n Puertorrique\u00f1a Ex alumnos Maristas La Asociaci\u00f3n Puertorrique\u00f1a de Exalumnos Maristas de Guaynabo cuenta con una larga trayectoria, a lo largo de la cual ha tenido sus momentos de normalidad y otros de reestructuraci\u00f3n. Bajo la asesor\u00eda de nuestro querido Hno. F\u00e9lix Hern\u00e1ndez (Q. E. P. D), se llevaron [&hellip;]\" \/>\n<meta property=\"og:url\" content=\"https:\/\/maristasguaynabo.org\/home\/quienes-somos\/marista-alumni\/\" \/>\n<meta property=\"og:site_name\" content=\"Colegio Marista Guaynabo\" \/>\n<meta property=\"article:modified_time\" content=\"2025-08-07T18:45:46+00:00\" \/>\n<meta property=\"og:image\" content=\"https:\/\/maristasguaynabo.org\/home\/wp-content\/uploads\/2021\/08\/section.png\" \/>\n\t<meta property=\"og:image:width\" content=\"13\" \/>\n\t<meta property=\"og:image:height\" content=\"40\" \/>\n\t<meta property=\"og:image:type\" content=\"image\/png\" \/>\n<meta name=\"twitter:card\" content=\"summary_large_image\" \/>\n<meta name=\"twitter:label1\" content=\"Tiempo de lectura\" \/>\n\t<meta name=\"twitter:data1\" content=\"4 minutos\" \/>\n<script type=\"application\/ld+json\" class=\"yoast-schema-graph\">{\"@context\":\"https:\/\/schema.org\",\"@graph\":[{\"@type\":\"WebPage\",\"@id\":\"https:\/\/maristasguaynabo.org\/home\/quienes-somos\/marista-alumni\/\",\"url\":\"https:\/\/maristasguaynabo.org\/home\/quienes-somos\/marista-alumni\/\",\"name\":\"Marista Alumni - Colegio Marista Guaynabo\",\"isPartOf\":{\"@id\":\"https:\/\/maristasguaynabo.org\/home\/#website\"},\"primaryImageOfPage\":{\"@id\":\"https:\/\/maristasguaynabo.org\/home\/quienes-somos\/marista-alumni\/#primaryimage\"},\"image\":{\"@id\":\"https:\/\/maristasguaynabo.org\/home\/quienes-somos\/marista-alumni\/#primaryimage\"},\"thumbnailUrl\":\"https:\/\/maristasguaynabo.org\/home\/wp-content\/uploads\/2021\/08\/section.png\",\"datePublished\":\"2022-08-30T23:40:57+00:00\",\"dateModified\":\"2025-08-07T18:45:46+00:00\",\"breadcrumb\":{\"@id\":\"https:\/\/maristasguaynabo.org\/home\/quienes-somos\/marista-alumni\/#breadcrumb\"},\"inLanguage\":\"es\",\"potentialAction\":[{\"@type\":\"ReadAction\",\"target\":[\"https:\/\/maristasguaynabo.org\/home\/quienes-somos\/marista-alumni\/\"]}]},{\"@type\":\"ImageObject\",\"inLanguage\":\"es\",\"@id\":\"https:\/\/maristasguaynabo.org\/home\/quienes-somos\/marista-alumni\/#primaryimage\",\"url\":\"https:\/\/maristasguaynabo.org\/home\/wp-content\/uploads\/2021\/08\/section.png\",\"contentUrl\":\"https:\/\/maristasguaynabo.org\/home\/wp-content\/uploads\/2021\/08\/section.png\",\"width\":13,\"height\":40},{\"@type\":\"BreadcrumbList\",\"@id\":\"https:\/\/maristasguaynabo.org\/home\/quienes-somos\/marista-alumni\/#breadcrumb\",\"itemListElement\":[{\"@type\":\"ListItem\",\"position\":1,\"name\":\"Portada\",\"item\":\"https:\/\/maristasguaynabo.org\/home\/\"},{\"@type\":\"ListItem\",\"position\":2,\"name\":\"Qui\u00e9nes somos\",\"item\":\"https:\/\/maristasguaynabo.org\/home\/quienes-somos\/\"},{\"@type\":\"ListItem\",\"position\":3,\"name\":\"Marista Alumni\"}]},{\"@type\":\"WebSite\",\"@id\":\"https:\/\/maristasguaynabo.org\/home\/#website\",\"url\":\"https:\/\/maristasguaynabo.org\/home\/\",\"name\":\"Colegio Marista Guaynabo\",\"description\":\"\",\"publisher\":{\"@id\":\"https:\/\/maristasguaynabo.org\/home\/#organization\"},\"potentialAction\":[{\"@type\":\"SearchAction\",\"target\":{\"@type\":\"EntryPoint\",\"urlTemplate\":\"https:\/\/maristasguaynabo.org\/home\/?s={search_term_string}\"},\"query-input\":{\"@type\":\"PropertyValueSpecification\",\"valueRequired\":true,\"valueName\":\"search_term_string\"}}],\"inLanguage\":\"es\"},{\"@type\":\"Organization\",\"@id\":\"https:\/\/maristasguaynabo.org\/home\/#organization\",\"name\":\"Colegio Marista Guaynabo\",\"url\":\"https:\/\/maristasguaynabo.org\/home\/\",\"logo\":{\"@type\":\"ImageObject\",\"inLanguage\":\"es\",\"@id\":\"https:\/\/maristasguaynabo.org\/home\/#\/schema\/logo\/image\/\",\"url\":\"https:\/\/maristasguaynabo.org\/home\/wp-content\/uploads\/2022\/08\/10_GUAYNABO_final.png\",\"contentUrl\":\"https:\/\/maristasguaynabo.org\/home\/wp-content\/uploads\/2022\/08\/10_GUAYNABO_final.png\",\"width\":924,\"height\":177,\"caption\":\"Colegio Marista Guaynabo\"},\"image\":{\"@id\":\"https:\/\/maristasguaynabo.org\/home\/#\/schema\/logo\/image\/\"}}]}<\/script>\n<!-- \/ Yoast SEO plugin. -->","yoast_head_json":{"title":"Marista Alumni - Colegio Marista Guaynabo","robots":{"index":"index","follow":"follow","max-snippet":"max-snippet:-1","max-image-preview":"max-image-preview:large","max-video-preview":"max-video-preview:-1"},"canonical":"https:\/\/maristasguaynabo.org\/home\/quienes-somos\/marista-alumni\/","og_locale":"es_ES","og_type":"article","og_title":"Marista Alumni - Colegio Marista Guaynabo","og_description":"Marista Alumni APREM Directiva Contacto APREM Asociaci\u00f3n Puertorrique\u00f1a Ex alumnos Maristas La Asociaci\u00f3n Puertorrique\u00f1a de Exalumnos Maristas de Guaynabo cuenta con una larga trayectoria, a lo largo de la cual ha tenido sus momentos de normalidad y otros de reestructuraci\u00f3n. Bajo la asesor\u00eda de nuestro querido Hno. F\u00e9lix Hern\u00e1ndez (Q. E. P. D), se llevaron [&hellip;]","og_url":"https:\/\/maristasguaynabo.org\/home\/quienes-somos\/marista-alumni\/","og_site_name":"Colegio Marista Guaynabo","article_modified_time":"2025-08-07T18:45:46+00:00","og_image":[{"width":13,"height":40,"url":"https:\/\/maristasguaynabo.org\/home\/wp-content\/uploads\/2021\/08\/section.png","type":"image\/png"}],"twitter_card":"summary_large_image","twitter_misc":{"Tiempo de lectura":"4 minutos"},"schema":{"@context":"https:\/\/schema.org","@graph":[{"@type":"WebPage","@id":"https:\/\/maristasguaynabo.org\/home\/quienes-somos\/marista-alumni\/","url":"https:\/\/maristasguaynabo.org\/home\/quienes-somos\/marista-alumni\/","name":"Marista Alumni - Colegio Marista Guaynabo","isPartOf":{"@id":"https:\/\/maristasguaynabo.org\/home\/#website"},"primaryImageOfPage":{"@id":"https:\/\/maristasguaynabo.org\/home\/quienes-somos\/marista-alumni\/#primaryimage"},"image":{"@id":"https:\/\/maristasguaynabo.org\/home\/quienes-somos\/marista-alumni\/#primaryimage"},"thumbnailUrl":"https:\/\/maristasguaynabo.org\/home\/wp-content\/uploads\/2021\/08\/section.png","datePublished":"2022-08-30T23:40:57+00:00","dateModified":"2025-08-07T18:45:46+00:00","breadcrumb":{"@id":"https:\/\/maristasguaynabo.org\/home\/quienes-somos\/marista-alumni\/#breadcrumb"},"inLanguage":"es","potentialAction":[{"@type":"ReadAction","target":["https:\/\/maristasguaynabo.org\/home\/quienes-somos\/marista-alumni\/"]}]},{"@type":"ImageObject","inLanguage":"es","@id":"https:\/\/maristasguaynabo.org\/home\/quienes-somos\/marista-alumni\/#primaryimage","url":"https:\/\/maristasguaynabo.org\/home\/wp-content\/uploads\/2021\/08\/section.png","contentUrl":"https:\/\/maristasguaynabo.org\/home\/wp-content\/uploads\/2021\/08\/section.png","width":13,"height":40},{"@type":"BreadcrumbList","@id":"https:\/\/maristasguaynabo.org\/home\/quienes-somos\/marista-alumni\/#breadcrumb","itemListElement":[{"@type":"ListItem","position":1,"name":"Portada","item":"https:\/\/maristasguaynabo.org\/home\/"},{"@type":"ListItem","position":2,"name":"Qui\u00e9nes somos","item":"https:\/\/maristasguaynabo.org\/home\/quienes-somos\/"},{"@type":"ListItem","position":3,"name":"Marista Alumni"}]},{"@type":"WebSite","@id":"https:\/\/maristasguaynabo.org\/home\/#website","url":"https:\/\/maristasguaynabo.org\/home\/","name":"Colegio Marista Guaynabo","description":"","publisher":{"@id":"https:\/\/maristasguaynabo.org\/home\/#organization"},"potentialAction":[{"@type":"SearchAction","target":{"@type":"EntryPoint","urlTemplate":"https:\/\/maristasguaynabo.org\/home\/?s={search_term_string}"},"query-input":{"@type":"PropertyValueSpecification","valueRequired":true,"valueName":"search_term_string"}}],"inLanguage":"es"},{"@type":"Organization","@id":"https:\/\/maristasguaynabo.org\/home\/#organization","name":"Colegio Marista Guaynabo","url":"https:\/\/maristasguaynabo.org\/home\/","logo":{"@type":"ImageObject","inLanguage":"es","@id":"https:\/\/maristasguaynabo.org\/home\/#\/schema\/logo\/image\/","url":"https:\/\/maristasguaynabo.org\/home\/wp-content\/uploads\/2022\/08\/10_GUAYNABO_final.png","contentUrl":"https:\/\/maristasguaynabo.org\/home\/wp-content\/uploads\/2022\/08\/10_GUAYNABO_final.png","width":924,"height":177,"caption":"Colegio Marista Guaynabo"},"image":{"@id":"https:\/\/maristasguaynabo.org\/home\/#\/schema\/logo\/image\/"}}]}},"_links":{"self":[{"href":"https:\/\/maristasguaynabo.org\/home\/wp-json\/wp\/v2\/pages\/3356","targetHints":{"allow":["GET"]}}],"collection":[{"href":"https:\/\/maristasguaynabo.org\/home\/wp-json\/wp\/v2\/pages"}],"about":[{"href":"https:\/\/maristasguaynabo.org\/home\/wp-json\/wp\/v2\/types\/page"}],"author":[{"embeddable":true,"href":"https:\/\/maristasguaynabo.org\/home\/wp-json\/wp\/v2\/users\/5"}],"replies":[{"embeddable":true,"href":"https:\/\/maristasguaynabo.org\/home\/wp-json\/wp\/v2\/comments?post=3356"}],"version-history":[{"count":12,"href":"https:\/\/maristasguaynabo.org\/home\/wp-json\/wp\/v2\/pages\/3356\/revisions"}],"predecessor-version":[{"id":5066,"href":"https:\/\/maristasguaynabo.org\/home\/wp-json\/wp\/v2\/pages\/3356\/revisions\/5066"}],"up":[{"embeddable":true,"href":"https:\/\/maristasguaynabo.org\/home\/wp-json\/wp\/v2\/pages\/1788"}],"wp:attachment":[{"href":"https:\/\/maristasguaynabo.org\/home\/wp-json\/wp\/v2\/media?parent=3356"}],"curies":[{"name":"wp","href":"https:\/\/api.w.org\/{rel}","templated":true}]}}