{"id":1845,"date":"2022-03-07T07:46:43","date_gmt":"2022-03-07T13:46:43","guid":{"rendered":"https:\/\/maristascondega.org\/guaynabo\/?page_id=1845"},"modified":"2022-09-04T10:17:26","modified_gmt":"2022-09-04T16:17:26","slug":"escuela-superior","status":"publish","type":"page","link":"https:\/\/maristasguaynabo.org\/home\/oferta-academica\/propuesta-curricular\/escuela-superior\/","title":{"rendered":"Escuela Superior"},"content":{"rendered":"\t\t<div data-elementor-type=\"wp-page\" data-elementor-id=\"1845\" class=\"elementor elementor-1845\" data-elementor-post-type=\"page\">\n\t\t\t\t\t\t<section class=\"elementor-section elementor-top-section elementor-element elementor-element-de6e01b elementor-section-full_width elementor-section-height-default elementor-section-height-default\" data-id=\"de6e01b\" data-element_type=\"section\" data-e-type=\"section\" data-settings=\"{&quot;background_background&quot;:&quot;classic&quot;}\">\n\t\t\t\t\t\t<div class=\"elementor-container elementor-column-gap-no\">\n\t\t\t\t\t<div class=\"elementor-column elementor-col-100 elementor-top-column elementor-element elementor-element-20aecf7\" data-id=\"20aecf7\" data-element_type=\"column\" data-e-type=\"column\">\n\t\t\t<div class=\"elementor-widget-wrap elementor-element-populated\">\n\t\t\t\t\t\t<section class=\"elementor-section elementor-inner-section elementor-element elementor-element-04b85df elementor-section-boxed elementor-section-height-default elementor-section-height-default elementor-invisible\" data-id=\"04b85df\" data-element_type=\"section\" data-e-type=\"section\" data-settings=\"{&quot;motion_fx_motion_fx_scrolling&quot;:&quot;yes&quot;,&quot;animation&quot;:&quot;slideInRight&quot;,&quot;motion_fx_devices&quot;:[&quot;desktop&quot;,&quot;tablet&quot;,&quot;mobile&quot;]}\">\n\t\t\t\t\t\t<div class=\"elementor-container elementor-column-gap-default\">\n\t\t\t\t\t<div class=\"elementor-column elementor-col-100 elementor-inner-column elementor-element elementor-element-a432ff0\" data-id=\"a432ff0\" data-element_type=\"column\" data-e-type=\"column\">\n\t\t\t<div class=\"elementor-widget-wrap elementor-element-populated\">\n\t\t\t\t\t\t<div class=\"elementor-element elementor-element-e922189 elementor-widget__width-initial elementor-widget-mobile__width-initial elementor-widget elementor-widget-image\" data-id=\"e922189\" data-element_type=\"widget\" data-e-type=\"widget\" data-widget_type=\"image.default\">\n\t\t\t\t<div class=\"elementor-widget-container\">\n\t\t\t\t\t\t\t\t\t\t\t\t\t\t\t<img decoding=\"async\" width=\"13\" height=\"40\" src=\"https:\/\/maristasguaynabo.org\/home\/wp-content\/uploads\/2021\/08\/section.png\" class=\"attachment-full size-full wp-image-86\" alt=\"\" \/>\t\t\t\t\t\t\t\t\t\t\t\t\t\t\t<\/div>\n\t\t\t\t<\/div>\n\t\t\t\t<div class=\"elementor-element elementor-element-b0ad1ff elementor-widget__width-auto elementor-widget elementor-widget-heading\" data-id=\"b0ad1ff\" data-element_type=\"widget\" data-e-type=\"widget\" data-widget_type=\"heading.default\">\n\t\t\t\t<div class=\"elementor-widget-container\">\n\t\t\t\t\t<h2 class=\"elementor-heading-title elementor-size-default\">ESCUELA SUPERIOR<\/h2>\t\t\t\t<\/div>\n\t\t\t\t<\/div>\n\t\t\t\t\t<\/div>\n\t\t<\/div>\n\t\t\t\t\t<\/div>\n\t\t<\/section>\n\t\t\t\t\t<\/div>\n\t\t<\/div>\n\t\t\t\t\t<\/div>\n\t\t<\/section>\n\t\t\t\t<section class=\"elementor-section elementor-top-section elementor-element elementor-element-19c942e elementor-section-full_width elementor-section-height-default elementor-section-height-default\" data-id=\"19c942e\" data-element_type=\"section\" data-e-type=\"section\">\n\t\t\t\t\t\t<div class=\"elementor-container elementor-column-gap-no\">\n\t\t\t\t\t<div class=\"elementor-column elementor-col-100 elementor-top-column elementor-element elementor-element-5158cb7\" data-id=\"5158cb7\" data-element_type=\"column\" data-e-type=\"column\">\n\t\t\t<div class=\"elementor-widget-wrap elementor-element-populated\">\n\t\t\t\t\t\t<div class=\"elementor-element elementor-element-8bc2258 elementor-widget elementor-widget-image\" data-id=\"8bc2258\" data-element_type=\"widget\" data-e-type=\"widget\" data-widget_type=\"image.default\">\n\t\t\t\t<div class=\"elementor-widget-container\">\n\t\t\t\t\t\t\t\t\t\t\t\t\t\t\t<img fetchpriority=\"high\" decoding=\"async\" width=\"1979\" height=\"789\" src=\"https:\/\/maristasguaynabo.org\/home\/wp-content\/uploads\/2022\/09\/Para-educar-a-los-ninos-hay-que-amarlos-y-amarlos-a-todos-por-igual.-9.png\" class=\"attachment-full size-full wp-image-3393\" alt=\"\" srcset=\"https:\/\/maristasguaynabo.org\/home\/wp-content\/uploads\/2022\/09\/Para-educar-a-los-ninos-hay-que-amarlos-y-amarlos-a-todos-por-igual.-9.png 1979w, https:\/\/maristasguaynabo.org\/home\/wp-content\/uploads\/2022\/09\/Para-educar-a-los-ninos-hay-que-amarlos-y-amarlos-a-todos-por-igual.-9-300x120.png 300w, https:\/\/maristasguaynabo.org\/home\/wp-content\/uploads\/2022\/09\/Para-educar-a-los-ninos-hay-que-amarlos-y-amarlos-a-todos-por-igual.-9-1024x408.png 1024w, https:\/\/maristasguaynabo.org\/home\/wp-content\/uploads\/2022\/09\/Para-educar-a-los-ninos-hay-que-amarlos-y-amarlos-a-todos-por-igual.-9-768x306.png 768w, https:\/\/maristasguaynabo.org\/home\/wp-content\/uploads\/2022\/09\/Para-educar-a-los-ninos-hay-que-amarlos-y-amarlos-a-todos-por-igual.-9-1536x612.png 1536w\" sizes=\"(max-width: 1979px) 100vw, 1979px\" \/>\t\t\t\t\t\t\t\t\t\t\t\t\t\t\t<\/div>\n\t\t\t\t<\/div>\n\t\t\t\t\t<\/div>\n\t\t<\/div>\n\t\t\t\t\t<\/div>\n\t\t<\/section>\n\t\t\t\t<section class=\"elementor-section elementor-top-section elementor-element elementor-element-2c0141d elementor-section-boxed elementor-section-height-default elementor-section-height-default\" data-id=\"2c0141d\" data-element_type=\"section\" data-e-type=\"section\">\n\t\t\t\t\t\t<div class=\"elementor-container elementor-column-gap-default\">\n\t\t\t\t\t<div class=\"elementor-column elementor-col-100 elementor-top-column elementor-element elementor-element-d6b50f8\" data-id=\"d6b50f8\" data-element_type=\"column\" data-e-type=\"column\">\n\t\t\t<div class=\"elementor-widget-wrap elementor-element-populated\">\n\t\t\t\t\t\t<div class=\"elementor-element elementor-element-848084f elementor-widget elementor-widget-text-editor\" data-id=\"848084f\" data-element_type=\"widget\" data-e-type=\"widget\" data-widget_type=\"text-editor.default\">\n\t\t\t\t<div class=\"elementor-widget-container\">\n\t\t\t\t\t\t\t\t\t<p>La Escuela Superior del Colegio Marista es una escuela preparatoria para la Universidad. Desarrollamos todas las dimensiones de la persona: conciencia, inteligencia, voluntad y trascendencia. La propuesta curricular alcanza la excelencia acad\u00e9mica colaborando con nuestros alumnos para que adquieran conocimientos, desarrollen sus capacidades y crezcan en valores; armonizando fe, cultura y vida. El estudiante\u00a0 aprende a conocer, aprende a hacer, aprende a vivir en sociedad y aprende a ser persona.<\/p>\t\t\t\t\t\t\t\t<\/div>\n\t\t\t\t<\/div>\n\t\t\t\t\t<\/div>\n\t\t<\/div>\n\t\t\t\t\t<\/div>\n\t\t<\/section>\n\t\t\t\t<section class=\"elementor-section elementor-top-section elementor-element elementor-element-f04bd8e elementor-section-boxed elementor-section-height-default elementor-section-height-default\" data-id=\"f04bd8e\" data-element_type=\"section\" data-e-type=\"section\">\n\t\t\t\t\t\t<div class=\"elementor-container elementor-column-gap-default\">\n\t\t\t\t\t<div class=\"elementor-column elementor-col-100 elementor-top-column elementor-element elementor-element-fd4a5b9\" data-id=\"fd4a5b9\" data-element_type=\"column\" data-e-type=\"column\">\n\t\t\t<div class=\"elementor-widget-wrap elementor-element-populated\">\n\t\t\t\t\t\t<div class=\"elementor-element elementor-element-9a2923a elementor-tabs-view-horizontal elementor-widget elementor-widget-tabs\" data-id=\"9a2923a\" data-element_type=\"widget\" data-e-type=\"widget\" data-widget_type=\"tabs.default\">\n\t\t\t\t<div class=\"elementor-widget-container\">\n\t\t\t\t\t\t\t<div class=\"elementor-tabs\">\n\t\t\t<div class=\"elementor-tabs-wrapper\" role=\"tablist\" >\n\t\t\t\t\t\t\t\t\t<div id=\"elementor-tab-title-1611\" class=\"elementor-tab-title elementor-tab-desktop-title\" aria-selected=\"true\" data-tab=\"1\" role=\"tab\" tabindex=\"0\" aria-controls=\"elementor-tab-content-1611\" aria-expanded=\"false\">Curr\u00edculo<\/div>\n\t\t\t\t\t\t\t\t\t<div id=\"elementor-tab-title-1612\" class=\"elementor-tab-title elementor-tab-desktop-title\" aria-selected=\"false\" data-tab=\"2\" role=\"tab\" tabindex=\"-1\" aria-controls=\"elementor-tab-content-1612\" aria-expanded=\"false\">Electivas<\/div>\n\t\t\t\t\t\t\t\t\t<div id=\"elementor-tab-title-1613\" class=\"elementor-tab-title elementor-tab-desktop-title\" aria-selected=\"false\" data-tab=\"3\" role=\"tab\" tabindex=\"-1\" aria-controls=\"elementor-tab-content-1613\" aria-expanded=\"false\">Horario<\/div>\n\t\t\t\t\t\t\t<\/div>\n\t\t\t<div class=\"elementor-tabs-content-wrapper\" role=\"tablist\" aria-orientation=\"vertical\">\n\t\t\t\t\t\t\t\t\t<div class=\"elementor-tab-title elementor-tab-mobile-title\" aria-selected=\"true\" data-tab=\"1\" role=\"tab\" tabindex=\"0\" aria-controls=\"elementor-tab-content-1611\" aria-expanded=\"false\">Curr\u00edculo<\/div>\n\t\t\t\t\t<div id=\"elementor-tab-content-1611\" class=\"elementor-tab-content elementor-clearfix\" data-tab=\"1\" role=\"tabpanel\" aria-labelledby=\"elementor-tab-title-1611\" tabindex=\"0\" hidden=\"false\"><p>La agenda diaria en la Escuela Superior consta de 4 per\u00edodos de 80 minutos cada uno m\u00e1s los per\u00edodos de recreo y almuerzo. Se trabaja por ciclos de 6 d\u00edas comenzando con la letra A hasta la F.<\/p><p>Al t\u00e9rmino de Cuarto A\u00f1o de la Escuela Superior, el estudiante, para poder graduarse, deber\u00e1 haber aprobado las siguientes asignaturas planteadas en el curr\u00edculo base del Colegio y completado un m\u00ednimo de 35.50 cr\u00e9ditos y un m\u00e1ximo de 36.50 cr\u00e9ditos, seg\u00fan las clases que seleccione tomar de Nivel Regular o de Nivel Avanzado.<\/p><p>Religi\u00f3n\u00a0 \u00a0 \u00a0 \u00a0 \u00a0 \u00a0 \u00a0 \u00a04 cr\u00e9ditos<br \/>Ingl\u00e9s*\u00a0 \u00a0 \u00a0 \u00a0 \u00a0 \u00a0 \u00a0 \u00a0 \u00a04 cr\u00e9ditos<br \/>Writing Skills\u00a0 \u00a0 .50 cr\u00e9ditos<br \/>Espa\u00f1ol*\u00a0 \u00a0 \u00a0 \u00a0 \u00a0 \u00a0 \u00a04 cr\u00e9ditos<br \/>Idiomas\u00a0 \u00a0 \u00a0 \u00a0 \u00a0 \u00a0 \u00a0 \u00a02 cr\u00e9ditos<br \/>Matem\u00e1ticas*\u00a0 \u00a0 4 cr\u00e9ditos<br \/>Ciencias*\u00a0 \u00a0 \u00a0 \u00a0 \u00a0 \u00a0 6 cr\u00e9ditos<br \/>Sociales*\u00a0 \u00a0 \u00a0 \u00a0 \u00a0 \u00a0 \u00a04 cr\u00e9ditos<br \/>Educ. F\u00edsica\u00a0 \u00a0 \u00a0 \u00a0 \u00a01 cr\u00e9dito\u00a0\u00a0<br \/>STEAM\u00a0 \u00a0 \u00a0 \u00a0 \u00a0 \u00a0 \u00a0 \u00a0 \u00a04 cr\u00e9ditos<br \/>Extra Ciencia\u00a0 \u00a0 \u00a0 1.5 cr\u00e9ditos<br \/>*Disponibilidad de cursos Regulares, Avanzados o de AP.<\/p><\/div>\n\t\t\t\t\t\t\t\t\t<div class=\"elementor-tab-title elementor-tab-mobile-title\" aria-selected=\"false\" data-tab=\"2\" role=\"tab\" tabindex=\"-1\" aria-controls=\"elementor-tab-content-1612\" aria-expanded=\"false\">Electivas<\/div>\n\t\t\t\t\t<div id=\"elementor-tab-content-1612\" class=\"elementor-tab-content elementor-clearfix\" data-tab=\"2\" role=\"tabpanel\" aria-labelledby=\"elementor-tab-title-1612\" tabindex=\"0\" hidden=\"hidden\"><h2>Oferta de Electivas de 9no. 12mo Grado (4 cr\u00e9ditos)<\/h2><ul><li>3D Design<\/li><li>Dise\u00f1o Publicitario<\/li><li>Fisiolog\u00eda del Ejercicio<\/li><li>Franc\u00e9s<\/li><li>Graphic Design<\/li><li>Home Economics<\/li><li>Introd. Programaci\u00f3n<\/li><li>Introd. Impresi\u00f3n 3D<\/li><li>Principios de Mecatr\u00f3nica<\/li><li>Mindfulness<\/li><li>Movies and Literature<\/li><li>Multimedia Management<\/li><li>Nutrici\u00f3n I y II<\/li><li>Pre-College and Career Readiness I y II<\/li><li>Robotics and Programming<\/li><li>SAT Math<\/li><li>Science Research I y II<\/li><li>Volleyball I y II<\/li><li>Basic Math\u00a0<\/li><li>Baloncesto<\/li><li>Danza<\/li><li>Teatro<\/li><li>M\u00fasica<\/li><li>Arte<\/li><li>Introduction to High School Writing<\/li><li>Desarrollando nuestra creatividad<\/li><li>Destrezas de expresi\u00f3n creativa oral y escrita en espa\u00f1ol<\/li><li>International Diplomacy and the United Nations<\/li><li>Fundamentos de Fotograf\u00eda<\/li><li>Python Programming for Beginners<\/li><li>Derechos Humanos<\/li><li>Literatura Hispanoamericana y G\u00e9nero<\/li><li>Arte y M\u00fasica a trav\u00e9s de la Historia<\/li><li>Music in Social Context<\/li><\/ul><h2>Electivas Opcionales<\/h2><ul><li>Investigaci\u00f3n Cient\u00edfica dirigida\u00a0<\/li><\/ul><h2>Servicio Social<\/h2><ul><li>Requisito de Graduaci\u00f3n. 15 semanas en un semestre.<\/li><\/ul><h2>Bellas Artes\/Tecnolog\u00eda<\/h2><ul><li>Al finalizar 12mo. Grado el estudiantes deber\u00e1 aprobar como requisito de graduaci\u00f3n 1 cr\u00e9dito en Bellas Artes y 1 cr\u00e9dito en clases de Tecnolog\u00eda<\/li><\/ul><p>\u00a0<\/p><\/div>\n\t\t\t\t\t\t\t\t\t<div class=\"elementor-tab-title elementor-tab-mobile-title\" aria-selected=\"false\" data-tab=\"3\" role=\"tab\" tabindex=\"-1\" aria-controls=\"elementor-tab-content-1613\" aria-expanded=\"false\">Horario<\/div>\n\t\t\t\t\t<div id=\"elementor-tab-content-1613\" class=\"elementor-tab-content elementor-clearfix\" data-tab=\"3\" role=\"tabpanel\" aria-labelledby=\"elementor-tab-title-1613\" tabindex=\"0\" hidden=\"hidden\"><p>La agenda diaria en la Escuela Superior consta de 4 per\u00edodos de 80 minutos cada uno m\u00e1s los per\u00edodos de recreo y almuerzo. Se trabaja por ciclos de 6 d\u00edas comenzando con la letra A hasta la F.<\/p><h2>Horario Escuela Superior<\/h2><p>8:00am-8:30am\u00a0 \u00a0 \u00a0 \u00a0 \u00a0 \u00a0Asistencia al Estudiante<\/p><p>8:30am-8:40am\u00a0 \u00a0 \u00a0 \u00a0 \u00a0 \u00a0Sal\u00f3n Hogar<\/p><p>8:40am-10:00am\u00a0 \u00a0 \u00a0 \u00a0 \u00a01er. Per\u00edodo<\/p><p>10:00am-10:30am\u00a0 \u00a0 \u00a0 \u00a0Recreo<\/p><p>10:30am-11:50am\u00a0 \u00a0 \u00a0 \u00a02do. Per\u00edodo<\/p><p>11:50am-1:10pm\u00a0 \u00a0 \u00a0 \u00a0 \u00a03er. Per\u00edodo<\/p><p>1:10pm-1:40pm\u00a0 \u00a0 \u00a0 \u00a0 \u00a0 \u00a0Almuerzo<\/p><p>1:40pm-3:00pm\u00a0 \u00a0 \u00a0 \u00a0 \u00a0 \u00a04to. Per\u00edodo<\/p><p>\u00a0<\/p><\/div>\n\t\t\t\t\t\t\t<\/div>\n\t\t<\/div>\n\t\t\t\t\t\t<\/div>\n\t\t\t\t<\/div>\n\t\t\t\t\t<\/div>\n\t\t<\/div>\n\t\t\t\t\t<\/div>\n\t\t<\/section>\n\t\t\t\t<\/div>\n\t\t","protected":false},"excerpt":{"rendered":"<p>ESCUELA SUPERIOR La Escuela Superior del Colegio Marista es una escuela preparatoria para la Universidad. Desarrollamos todas las dimensiones de la persona: conciencia, inteligencia, voluntad y trascendencia. La propuesta curricular alcanza la excelencia acad\u00e9mica colaborando con nuestros alumnos para que adquieran conocimientos, desarrollen sus capacidades y crezcan en valores; armonizando fe, cultura y vida. El [&hellip;]<\/p>\n","protected":false},"author":4,"featured_media":0,"parent":1824,"menu_order":4,"comment_status":"closed","ping_status":"closed","template":"elementor_header_footer","meta":{"_monsterinsights_skip_tracking":false,"_monsterinsights_sitenote_active":false,"_monsterinsights_sitenote_note":"","_monsterinsights_sitenote_category":0,"footnotes":""},"class_list":["post-1845","page","type-page","status-publish","hentry"],"yoast_head":"<!-- This site is optimized with the Yoast SEO plugin v27.2 - https:\/\/yoast.com\/product\/yoast-seo-wordpress\/ -->\n<title>Escuela Superior - Colegio Marista Guaynabo<\/title>\n<meta name=\"robots\" content=\"index, follow, max-snippet:-1, max-image-preview:large, max-video-preview:-1\" \/>\n<link rel=\"canonical\" href=\"https:\/\/maristasguaynabo.org\/home\/oferta-academica\/propuesta-curricular\/escuela-superior\/\" \/>\n<meta property=\"og:locale\" content=\"es_ES\" \/>\n<meta property=\"og:type\" content=\"article\" \/>\n<meta property=\"og:title\" content=\"Escuela Superior - Colegio Marista Guaynabo\" \/>\n<meta property=\"og:description\" content=\"ESCUELA SUPERIOR La Escuela Superior del Colegio Marista es una escuela preparatoria para la Universidad. Desarrollamos todas las dimensiones de la persona: conciencia, inteligencia, voluntad y trascendencia. La propuesta curricular alcanza la excelencia acad\u00e9mica colaborando con nuestros alumnos para que adquieran conocimientos, desarrollen sus capacidades y crezcan en valores; armonizando fe, cultura y vida. El [&hellip;]\" \/>\n<meta property=\"og:url\" content=\"https:\/\/maristasguaynabo.org\/home\/oferta-academica\/propuesta-curricular\/escuela-superior\/\" \/>\n<meta property=\"og:site_name\" content=\"Colegio Marista Guaynabo\" \/>\n<meta property=\"article:modified_time\" content=\"2022-09-04T16:17:26+00:00\" \/>\n<meta property=\"og:image\" content=\"https:\/\/maristasguaynabo.org\/home\/wp-content\/uploads\/2021\/08\/section.png\" \/>\n<meta name=\"twitter:card\" content=\"summary_large_image\" \/>\n<meta name=\"twitter:label1\" content=\"Tiempo de lectura\" \/>\n\t<meta name=\"twitter:data1\" content=\"2 minutos\" \/>\n<script type=\"application\/ld+json\" class=\"yoast-schema-graph\">{\"@context\":\"https:\/\/schema.org\",\"@graph\":[{\"@type\":\"WebPage\",\"@id\":\"https:\/\/maristasguaynabo.org\/home\/oferta-academica\/propuesta-curricular\/escuela-superior\/\",\"url\":\"https:\/\/maristasguaynabo.org\/home\/oferta-academica\/propuesta-curricular\/escuela-superior\/\",\"name\":\"Escuela Superior - Colegio Marista Guaynabo\",\"isPartOf\":{\"@id\":\"https:\/\/maristasguaynabo.org\/home\/#website\"},\"primaryImageOfPage\":{\"@id\":\"https:\/\/maristasguaynabo.org\/home\/oferta-academica\/propuesta-curricular\/escuela-superior\/#primaryimage\"},\"image\":{\"@id\":\"https:\/\/maristasguaynabo.org\/home\/oferta-academica\/propuesta-curricular\/escuela-superior\/#primaryimage\"},\"thumbnailUrl\":\"https:\/\/maristasguaynabo.org\/home\/wp-content\/uploads\/2021\/08\/section.png\",\"datePublished\":\"2022-03-07T13:46:43+00:00\",\"dateModified\":\"2022-09-04T16:17:26+00:00\",\"breadcrumb\":{\"@id\":\"https:\/\/maristasguaynabo.org\/home\/oferta-academica\/propuesta-curricular\/escuela-superior\/#breadcrumb\"},\"inLanguage\":\"es\",\"potentialAction\":[{\"@type\":\"ReadAction\",\"target\":[\"https:\/\/maristasguaynabo.org\/home\/oferta-academica\/propuesta-curricular\/escuela-superior\/\"]}]},{\"@type\":\"ImageObject\",\"inLanguage\":\"es\",\"@id\":\"https:\/\/maristasguaynabo.org\/home\/oferta-academica\/propuesta-curricular\/escuela-superior\/#primaryimage\",\"url\":\"https:\/\/maristasguaynabo.org\/home\/wp-content\/uploads\/2021\/08\/section.png\",\"contentUrl\":\"https:\/\/maristasguaynabo.org\/home\/wp-content\/uploads\/2021\/08\/section.png\",\"width\":13,\"height\":40},{\"@type\":\"BreadcrumbList\",\"@id\":\"https:\/\/maristasguaynabo.org\/home\/oferta-academica\/propuesta-curricular\/escuela-superior\/#breadcrumb\",\"itemListElement\":[{\"@type\":\"ListItem\",\"position\":1,\"name\":\"Portada\",\"item\":\"https:\/\/maristasguaynabo.org\/home\/\"},{\"@type\":\"ListItem\",\"position\":2,\"name\":\"Oferta Acad\u00e9mica\",\"item\":\"https:\/\/maristasguaynabo.org\/home\/oferta-academica\/\"},{\"@type\":\"ListItem\",\"position\":3,\"name\":\"Propuesta Curricular\",\"item\":\"https:\/\/maristasguaynabo.org\/home\/oferta-academica\/propuesta-curricular\/\"},{\"@type\":\"ListItem\",\"position\":4,\"name\":\"Escuela Superior\"}]},{\"@type\":\"WebSite\",\"@id\":\"https:\/\/maristasguaynabo.org\/home\/#website\",\"url\":\"https:\/\/maristasguaynabo.org\/home\/\",\"name\":\"Colegio Marista Guaynabo\",\"description\":\"\",\"publisher\":{\"@id\":\"https:\/\/maristasguaynabo.org\/home\/#organization\"},\"potentialAction\":[{\"@type\":\"SearchAction\",\"target\":{\"@type\":\"EntryPoint\",\"urlTemplate\":\"https:\/\/maristasguaynabo.org\/home\/?s={search_term_string}\"},\"query-input\":{\"@type\":\"PropertyValueSpecification\",\"valueRequired\":true,\"valueName\":\"search_term_string\"}}],\"inLanguage\":\"es\"},{\"@type\":\"Organization\",\"@id\":\"https:\/\/maristasguaynabo.org\/home\/#organization\",\"name\":\"Colegio Marista Guaynabo\",\"url\":\"https:\/\/maristasguaynabo.org\/home\/\",\"logo\":{\"@type\":\"ImageObject\",\"inLanguage\":\"es\",\"@id\":\"https:\/\/maristasguaynabo.org\/home\/#\/schema\/logo\/image\/\",\"url\":\"https:\/\/maristasguaynabo.org\/home\/wp-content\/uploads\/2022\/08\/10_GUAYNABO_final.png\",\"contentUrl\":\"https:\/\/maristasguaynabo.org\/home\/wp-content\/uploads\/2022\/08\/10_GUAYNABO_final.png\",\"width\":924,\"height\":177,\"caption\":\"Colegio Marista Guaynabo\"},\"image\":{\"@id\":\"https:\/\/maristasguaynabo.org\/home\/#\/schema\/logo\/image\/\"}}]}<\/script>\n<!-- \/ Yoast SEO plugin. -->","yoast_head_json":{"title":"Escuela Superior - Colegio Marista Guaynabo","robots":{"index":"index","follow":"follow","max-snippet":"max-snippet:-1","max-image-preview":"max-image-preview:large","max-video-preview":"max-video-preview:-1"},"canonical":"https:\/\/maristasguaynabo.org\/home\/oferta-academica\/propuesta-curricular\/escuela-superior\/","og_locale":"es_ES","og_type":"article","og_title":"Escuela Superior - Colegio Marista Guaynabo","og_description":"ESCUELA SUPERIOR La Escuela Superior del Colegio Marista es una escuela preparatoria para la Universidad. Desarrollamos todas las dimensiones de la persona: conciencia, inteligencia, voluntad y trascendencia. La propuesta curricular alcanza la excelencia acad\u00e9mica colaborando con nuestros alumnos para que adquieran conocimientos, desarrollen sus capacidades y crezcan en valores; armonizando fe, cultura y vida. El [&hellip;]","og_url":"https:\/\/maristasguaynabo.org\/home\/oferta-academica\/propuesta-curricular\/escuela-superior\/","og_site_name":"Colegio Marista Guaynabo","article_modified_time":"2022-09-04T16:17:26+00:00","og_image":[{"url":"https:\/\/maristasguaynabo.org\/home\/wp-content\/uploads\/2021\/08\/section.png","type":"","width":"","height":""}],"twitter_card":"summary_large_image","twitter_misc":{"Tiempo de lectura":"2 minutos"},"schema":{"@context":"https:\/\/schema.org","@graph":[{"@type":"WebPage","@id":"https:\/\/maristasguaynabo.org\/home\/oferta-academica\/propuesta-curricular\/escuela-superior\/","url":"https:\/\/maristasguaynabo.org\/home\/oferta-academica\/propuesta-curricular\/escuela-superior\/","name":"Escuela Superior - Colegio Marista Guaynabo","isPartOf":{"@id":"https:\/\/maristasguaynabo.org\/home\/#website"},"primaryImageOfPage":{"@id":"https:\/\/maristasguaynabo.org\/home\/oferta-academica\/propuesta-curricular\/escuela-superior\/#primaryimage"},"image":{"@id":"https:\/\/maristasguaynabo.org\/home\/oferta-academica\/propuesta-curricular\/escuela-superior\/#primaryimage"},"thumbnailUrl":"https:\/\/maristasguaynabo.org\/home\/wp-content\/uploads\/2021\/08\/section.png","datePublished":"2022-03-07T13:46:43+00:00","dateModified":"2022-09-04T16:17:26+00:00","breadcrumb":{"@id":"https:\/\/maristasguaynabo.org\/home\/oferta-academica\/propuesta-curricular\/escuela-superior\/#breadcrumb"},"inLanguage":"es","potentialAction":[{"@type":"ReadAction","target":["https:\/\/maristasguaynabo.org\/home\/oferta-academica\/propuesta-curricular\/escuela-superior\/"]}]},{"@type":"ImageObject","inLanguage":"es","@id":"https:\/\/maristasguaynabo.org\/home\/oferta-academica\/propuesta-curricular\/escuela-superior\/#primaryimage","url":"https:\/\/maristasguaynabo.org\/home\/wp-content\/uploads\/2021\/08\/section.png","contentUrl":"https:\/\/maristasguaynabo.org\/home\/wp-content\/uploads\/2021\/08\/section.png","width":13,"height":40},{"@type":"BreadcrumbList","@id":"https:\/\/maristasguaynabo.org\/home\/oferta-academica\/propuesta-curricular\/escuela-superior\/#breadcrumb","itemListElement":[{"@type":"ListItem","position":1,"name":"Portada","item":"https:\/\/maristasguaynabo.org\/home\/"},{"@type":"ListItem","position":2,"name":"Oferta Acad\u00e9mica","item":"https:\/\/maristasguaynabo.org\/home\/oferta-academica\/"},{"@type":"ListItem","position":3,"name":"Propuesta Curricular","item":"https:\/\/maristasguaynabo.org\/home\/oferta-academica\/propuesta-curricular\/"},{"@type":"ListItem","position":4,"name":"Escuela Superior"}]},{"@type":"WebSite","@id":"https:\/\/maristasguaynabo.org\/home\/#website","url":"https:\/\/maristasguaynabo.org\/home\/","name":"Colegio Marista Guaynabo","description":"","publisher":{"@id":"https:\/\/maristasguaynabo.org\/home\/#organization"},"potentialAction":[{"@type":"SearchAction","target":{"@type":"EntryPoint","urlTemplate":"https:\/\/maristasguaynabo.org\/home\/?s={search_term_string}"},"query-input":{"@type":"PropertyValueSpecification","valueRequired":true,"valueName":"search_term_string"}}],"inLanguage":"es"},{"@type":"Organization","@id":"https:\/\/maristasguaynabo.org\/home\/#organization","name":"Colegio Marista Guaynabo","url":"https:\/\/maristasguaynabo.org\/home\/","logo":{"@type":"ImageObject","inLanguage":"es","@id":"https:\/\/maristasguaynabo.org\/home\/#\/schema\/logo\/image\/","url":"https:\/\/maristasguaynabo.org\/home\/wp-content\/uploads\/2022\/08\/10_GUAYNABO_final.png","contentUrl":"https:\/\/maristasguaynabo.org\/home\/wp-content\/uploads\/2022\/08\/10_GUAYNABO_final.png","width":924,"height":177,"caption":"Colegio Marista Guaynabo"},"image":{"@id":"https:\/\/maristasguaynabo.org\/home\/#\/schema\/logo\/image\/"}}]}},"_links":{"self":[{"href":"https:\/\/maristasguaynabo.org\/home\/wp-json\/wp\/v2\/pages\/1845","targetHints":{"allow":["GET"]}}],"collection":[{"href":"https:\/\/maristasguaynabo.org\/home\/wp-json\/wp\/v2\/pages"}],"about":[{"href":"https:\/\/maristasguaynabo.org\/home\/wp-json\/wp\/v2\/types\/page"}],"author":[{"embeddable":true,"href":"https:\/\/maristasguaynabo.org\/home\/wp-json\/wp\/v2\/users\/4"}],"replies":[{"embeddable":true,"href":"https:\/\/maristasguaynabo.org\/home\/wp-json\/wp\/v2\/comments?post=1845"}],"version-history":[{"count":17,"href":"https:\/\/maristasguaynabo.org\/home\/wp-json\/wp\/v2\/pages\/1845\/revisions"}],"predecessor-version":[{"id":3484,"href":"https:\/\/maristasguaynabo.org\/home\/wp-json\/wp\/v2\/pages\/1845\/revisions\/3484"}],"up":[{"embeddable":true,"href":"https:\/\/maristasguaynabo.org\/home\/wp-json\/wp\/v2\/pages\/1824"}],"wp:attachment":[{"href":"https:\/\/maristasguaynabo.org\/home\/wp-json\/wp\/v2\/media?parent=1845"}],"curies":[{"name":"wp","href":"https:\/\/api.w.org\/{rel}","templated":true}]}}